{"id":112,"date":"2025-07-08T10:11:46","date_gmt":"2025-07-08T08:11:46","guid":{"rendered":"https:\/\/simonehertel.de\/?page_id=112"},"modified":"2025-09-21T11:29:26","modified_gmt":"2025-09-21T09:29:26","slug":"media","status":"publish","type":"page","link":"https:\/\/simonehertel.de\/?page_id=112","title":{"rendered":"Presse &amp; Media"},"content":{"rendered":"\n<p>Willkommen in meinem Pressebereich. Hier finden Sie eine Auswahl an Ver\u00f6ffentlichungen, in denen meine Arbeit vorgestellt wurde. F\u00fcr Medienanfragen oder Bildmaterial stehe ich Ihnen jederzeit gern zur Verf\u00fcgung. Bitte kontaktieren Sie mich unter info@simonehertel.de f\u00fcr weitere Informationen oder Presseunterlagen.<\/p>\n\n\n\n<figure class=\"wp-block-image size-large\"><img fetchpriority=\"high\" decoding=\"async\" width=\"768\" height=\"1024\" src=\"http:\/\/simonehertel.de\/wp-content\/uploads\/2025\/06\/IMG_0388-e1751297235654-768x1024.jpeg\" alt=\"Ver\u00f6ffentlichungen von Simone Hertel Fotografie in der Zeitschrift Pictures Magazin, Foto Praxis EXTRA, Digital Photo und Chip Foto Video\" class=\"wp-image-65\" srcset=\"https:\/\/simonehertel.de\/wp-content\/uploads\/2025\/06\/IMG_0388-e1751297235654-768x1024.jpeg 768w, https:\/\/simonehertel.de\/wp-content\/uploads\/2025\/06\/IMG_0388-e1751297235654-225x300.jpeg 225w, https:\/\/simonehertel.de\/wp-content\/uploads\/2025\/06\/IMG_0388-e1751297235654-1152x1536.jpeg 1152w, https:\/\/simonehertel.de\/wp-content\/uploads\/2025\/06\/IMG_0388-e1751297235654.jpeg 1536w\" sizes=\"(max-width: 768px) 100vw, 768px\" \/><\/figure>\n\n\n\n<figure class=\"wp-block-image size-large\"><img decoding=\"async\" width=\"1024\" height=\"768\" src=\"http:\/\/simonehertel.de\/wp-content\/uploads\/2025\/06\/IMG_0399-e1751297195526-1024x768.jpeg\" alt=\"mehrseitiger Artikel \u00fcber Simone Hertel im Pictures Magazin\" class=\"wp-image-68\" srcset=\"https:\/\/simonehertel.de\/wp-content\/uploads\/2025\/06\/IMG_0399-e1751297195526-1024x768.jpeg 1024w, https:\/\/simonehertel.de\/wp-content\/uploads\/2025\/06\/IMG_0399-e1751297195526-300x225.jpeg 300w, https:\/\/simonehertel.de\/wp-content\/uploads\/2025\/06\/IMG_0399-e1751297195526-768x576.jpeg 768w, https:\/\/simonehertel.de\/wp-content\/uploads\/2025\/06\/IMG_0399-e1751297195526-1536x1152.jpeg 1536w, https:\/\/simonehertel.de\/wp-content\/uploads\/2025\/06\/IMG_0399-e1751297195526.jpeg 2048w\" sizes=\"(max-width: 1024px) 100vw, 1024px\" \/><\/figure>\n\n\n\n<figure class=\"wp-block-image size-large\"><img decoding=\"async\" width=\"768\" height=\"1024\" src=\"http:\/\/simonehertel.de\/wp-content\/uploads\/2025\/06\/IMG_0390-768x1024.jpeg\" alt=\"doppelseitige Bild-Ver\u00f6ffentlichung \/ Artikel \u00fcber Simone Hertel in der Zeitschrift Chip FotoVideo im nPhoto (NikonSchool)-Bereich\" class=\"wp-image-67\" srcset=\"https:\/\/simonehertel.de\/wp-content\/uploads\/2025\/06\/IMG_0390-768x1024.jpeg 768w, https:\/\/simonehertel.de\/wp-content\/uploads\/2025\/06\/IMG_0390-225x300.jpeg 225w, https:\/\/simonehertel.de\/wp-content\/uploads\/2025\/06\/IMG_0390-1152x1536.jpeg 1152w, https:\/\/simonehertel.de\/wp-content\/uploads\/2025\/06\/IMG_0390.jpeg 1536w\" sizes=\"(max-width: 768px) 100vw, 768px\" \/><\/figure>\n\n\n\n<figure class=\"wp-block-image size-large\"><img loading=\"lazy\" decoding=\"async\" width=\"768\" height=\"1024\" src=\"http:\/\/simonehertel.de\/wp-content\/uploads\/2025\/06\/IMG_0405-768x1024.jpeg\" alt=\"\" class=\"wp-image-96\" srcset=\"https:\/\/simonehertel.de\/wp-content\/uploads\/2025\/06\/IMG_0405-768x1024.jpeg 768w, https:\/\/simonehertel.de\/wp-content\/uploads\/2025\/06\/IMG_0405-225x300.jpeg 225w, https:\/\/simonehertel.de\/wp-content\/uploads\/2025\/06\/IMG_0405-1152x1536.jpeg 1152w, https:\/\/simonehertel.de\/wp-content\/uploads\/2025\/06\/IMG_0405.jpeg 1536w\" sizes=\"(max-width: 768px) 100vw, 768px\" \/><\/figure>\n\n\n\n<figure class=\"wp-block-image size-large\"><img loading=\"lazy\" decoding=\"async\" width=\"768\" height=\"1024\" src=\"http:\/\/simonehertel.de\/wp-content\/uploads\/2025\/06\/IMG_0389-e1751297018445-768x1024.jpeg\" alt=\"Artikel \u00fcber Simone Hertel in der Zeitschrift Chip Foto Video sowie Werbeflyer f\u00fcr &quot;Das Wolfsbrunn&quot; und Stadt Oelsnitz\/Erz.\" class=\"wp-image-70\" srcset=\"https:\/\/simonehertel.de\/wp-content\/uploads\/2025\/06\/IMG_0389-e1751297018445-768x1024.jpeg 768w, https:\/\/simonehertel.de\/wp-content\/uploads\/2025\/06\/IMG_0389-e1751297018445-225x300.jpeg 225w, https:\/\/simonehertel.de\/wp-content\/uploads\/2025\/06\/IMG_0389-e1751297018445-1152x1536.jpeg 1152w, https:\/\/simonehertel.de\/wp-content\/uploads\/2025\/06\/IMG_0389-e1751297018445.jpeg 1536w\" sizes=\"(max-width: 768px) 100vw, 768px\" \/><\/figure>\n\n\n\n<figure class=\"wp-block-image size-large\"><img loading=\"lazy\" decoding=\"async\" width=\"1024\" height=\"768\" src=\"http:\/\/simonehertel.de\/wp-content\/uploads\/2025\/06\/IMG_0395-e1751297128461-1024x768.jpeg\" alt=\"Fotoreportage mit Simone Hertel Fotografie im Pictures Magazin\" class=\"wp-image-66\" srcset=\"https:\/\/simonehertel.de\/wp-content\/uploads\/2025\/06\/IMG_0395-e1751297128461-1024x768.jpeg 1024w, https:\/\/simonehertel.de\/wp-content\/uploads\/2025\/06\/IMG_0395-e1751297128461-300x225.jpeg 300w, https:\/\/simonehertel.de\/wp-content\/uploads\/2025\/06\/IMG_0395-e1751297128461-768x576.jpeg 768w, https:\/\/simonehertel.de\/wp-content\/uploads\/2025\/06\/IMG_0395-e1751297128461-1536x1152.jpeg 1536w, https:\/\/simonehertel.de\/wp-content\/uploads\/2025\/06\/IMG_0395-e1751297128461.jpeg 2048w\" sizes=\"(max-width: 1024px) 100vw, 1024px\" \/><\/figure>\n\n\n\n<figure class=\"wp-block-image size-large\"><img loading=\"lazy\" decoding=\"async\" width=\"1024\" height=\"768\" src=\"http:\/\/simonehertel.de\/wp-content\/uploads\/2025\/06\/IMG_0401-e1751297104778-1024x768.jpeg\" alt=\"Artikel \u00fcber Simone Hertel im Pictures Magazin auf mehreren Seiten\" class=\"wp-image-71\" srcset=\"https:\/\/simonehertel.de\/wp-content\/uploads\/2025\/06\/IMG_0401-e1751297104778-1024x768.jpeg 1024w, https:\/\/simonehertel.de\/wp-content\/uploads\/2025\/06\/IMG_0401-e1751297104778-300x225.jpeg 300w, https:\/\/simonehertel.de\/wp-content\/uploads\/2025\/06\/IMG_0401-e1751297104778-768x576.jpeg 768w, https:\/\/simonehertel.de\/wp-content\/uploads\/2025\/06\/IMG_0401-e1751297104778-1536x1152.jpeg 1536w, https:\/\/simonehertel.de\/wp-content\/uploads\/2025\/06\/IMG_0401-e1751297104778.jpeg 2048w\" sizes=\"(max-width: 1024px) 100vw, 1024px\" \/><\/figure>\n\n\n\n<figure class=\"wp-block-image size-large\"><img loading=\"lazy\" decoding=\"async\" width=\"1024\" height=\"768\" src=\"http:\/\/simonehertel.de\/wp-content\/uploads\/2025\/06\/IMG_0400-e1751297077474-1024x768.jpeg\" alt=\"Artikel \u00fcber Simone Hertel im Pictures Magazin\" class=\"wp-image-69\" srcset=\"https:\/\/simonehertel.de\/wp-content\/uploads\/2025\/06\/IMG_0400-e1751297077474-1024x768.jpeg 1024w, https:\/\/simonehertel.de\/wp-content\/uploads\/2025\/06\/IMG_0400-e1751297077474-300x225.jpeg 300w, https:\/\/simonehertel.de\/wp-content\/uploads\/2025\/06\/IMG_0400-e1751297077474-768x576.jpeg 768w, https:\/\/simonehertel.de\/wp-content\/uploads\/2025\/06\/IMG_0400-e1751297077474-1536x1152.jpeg 1536w, https:\/\/simonehertel.de\/wp-content\/uploads\/2025\/06\/IMG_0400-e1751297077474.jpeg 2048w\" sizes=\"(max-width: 1024px) 100vw, 1024px\" \/><\/figure>\n\n\n\n<figure class=\"wp-block-image size-large\"><img loading=\"lazy\" decoding=\"async\" width=\"1024\" height=\"768\" src=\"http:\/\/simonehertel.de\/wp-content\/uploads\/2025\/06\/IMG_0396-e1751296981160-1024x768.jpeg\" alt=\"Artikel \u00fcber Simone Hertel im Pictures Magazin\" class=\"wp-image-72\" srcset=\"https:\/\/simonehertel.de\/wp-content\/uploads\/2025\/06\/IMG_0396-e1751296981160-1024x768.jpeg 1024w, https:\/\/simonehertel.de\/wp-content\/uploads\/2025\/06\/IMG_0396-e1751296981160-300x225.jpeg 300w, https:\/\/simonehertel.de\/wp-content\/uploads\/2025\/06\/IMG_0396-e1751296981160-768x576.jpeg 768w, https:\/\/simonehertel.de\/wp-content\/uploads\/2025\/06\/IMG_0396-e1751296981160-1536x1152.jpeg 1536w, https:\/\/simonehertel.de\/wp-content\/uploads\/2025\/06\/IMG_0396-e1751296981160.jpeg 2048w\" sizes=\"(max-width: 1024px) 100vw, 1024px\" \/><\/figure>\n\n\n\n<figure class=\"wp-block-image size-large\"><img loading=\"lazy\" decoding=\"async\" width=\"1024\" height=\"768\" src=\"http:\/\/simonehertel.de\/wp-content\/uploads\/2025\/06\/IMG_0397-e1751296828833-1024x768.jpeg\" alt=\"mehrseitiger Artikel \u00fcber Simone Hertel in der Zeitschrift Pictures\" class=\"wp-image-78\" srcset=\"https:\/\/simonehertel.de\/wp-content\/uploads\/2025\/06\/IMG_0397-e1751296828833-1024x768.jpeg 1024w, https:\/\/simonehertel.de\/wp-content\/uploads\/2025\/06\/IMG_0397-e1751296828833-300x225.jpeg 300w, https:\/\/simonehertel.de\/wp-content\/uploads\/2025\/06\/IMG_0397-e1751296828833-768x576.jpeg 768w, https:\/\/simonehertel.de\/wp-content\/uploads\/2025\/06\/IMG_0397-e1751296828833-1536x1152.jpeg 1536w, https:\/\/simonehertel.de\/wp-content\/uploads\/2025\/06\/IMG_0397-e1751296828833.jpeg 2048w\" sizes=\"(max-width: 1024px) 100vw, 1024px\" \/><\/figure>\n\n\n\n<figure class=\"wp-block-image size-large\"><img loading=\"lazy\" decoding=\"async\" width=\"1024\" height=\"768\" src=\"http:\/\/simonehertel.de\/wp-content\/uploads\/2025\/06\/IMG_0398-e1751296762138-1024x768.jpeg\" alt=\"Artikel \u00fcber Simone Hertel in der Zeitschrift Pictures Magazin\" class=\"wp-image-77\" srcset=\"https:\/\/simonehertel.de\/wp-content\/uploads\/2025\/06\/IMG_0398-e1751296762138-1024x768.jpeg 1024w, https:\/\/simonehertel.de\/wp-content\/uploads\/2025\/06\/IMG_0398-e1751296762138-300x225.jpeg 300w, https:\/\/simonehertel.de\/wp-content\/uploads\/2025\/06\/IMG_0398-e1751296762138-768x576.jpeg 768w, https:\/\/simonehertel.de\/wp-content\/uploads\/2025\/06\/IMG_0398-e1751296762138-1536x1152.jpeg 1536w, https:\/\/simonehertel.de\/wp-content\/uploads\/2025\/06\/IMG_0398-e1751296762138.jpeg 2048w\" sizes=\"(max-width: 1024px) 100vw, 1024px\" \/><\/figure>\n\n\n\n<figure class=\"wp-block-image size-large\"><img decoding=\"async\" width=\"1024\" height=\"768\" src=\"http:\/\/simonehertel.de\/wp-content\/uploads\/2025\/06\/IMG_0399-e1751297195526-1024x768.jpeg\" alt=\"mehrseitiger Artikel \u00fcber Simone Hertel im Pictures Magazin\" class=\"wp-image-68\" srcset=\"https:\/\/simonehertel.de\/wp-content\/uploads\/2025\/06\/IMG_0399-e1751297195526-1024x768.jpeg 1024w, https:\/\/simonehertel.de\/wp-content\/uploads\/2025\/06\/IMG_0399-e1751297195526-300x225.jpeg 300w, https:\/\/simonehertel.de\/wp-content\/uploads\/2025\/06\/IMG_0399-e1751297195526-768x576.jpeg 768w, https:\/\/simonehertel.de\/wp-content\/uploads\/2025\/06\/IMG_0399-e1751297195526-1536x1152.jpeg 1536w, https:\/\/simonehertel.de\/wp-content\/uploads\/2025\/06\/IMG_0399-e1751297195526.jpeg 2048w\" sizes=\"(max-width: 1024px) 100vw, 1024px\" \/><\/figure>\n\n\n\n<figure class=\"wp-block-image size-large\"><img loading=\"lazy\" decoding=\"async\" width=\"1024\" height=\"802\" src=\"http:\/\/simonehertel.de\/wp-content\/uploads\/2025\/06\/IMG_0402-1024x802.jpeg\" alt=\"\" class=\"wp-image-93\" srcset=\"https:\/\/simonehertel.de\/wp-content\/uploads\/2025\/06\/IMG_0402-1024x802.jpeg 1024w, https:\/\/simonehertel.de\/wp-content\/uploads\/2025\/06\/IMG_0402-300x235.jpeg 300w, https:\/\/simonehertel.de\/wp-content\/uploads\/2025\/06\/IMG_0402-768x601.jpeg 768w, https:\/\/simonehertel.de\/wp-content\/uploads\/2025\/06\/IMG_0402-1536x1202.jpeg 1536w, https:\/\/simonehertel.de\/wp-content\/uploads\/2025\/06\/IMG_0402.jpeg 2048w\" sizes=\"(max-width: 1024px) 100vw, 1024px\" \/><\/figure>\n\n\n\n<figure class=\"wp-block-image size-large\"><img loading=\"lazy\" decoding=\"async\" width=\"1024\" height=\"768\" src=\"http:\/\/simonehertel.de\/wp-content\/uploads\/2025\/06\/IMG_0403-1024x768.jpeg\" alt=\"\" class=\"wp-image-94\" srcset=\"https:\/\/simonehertel.de\/wp-content\/uploads\/2025\/06\/IMG_0403-1024x768.jpeg 1024w, https:\/\/simonehertel.de\/wp-content\/uploads\/2025\/06\/IMG_0403-300x225.jpeg 300w, https:\/\/simonehertel.de\/wp-content\/uploads\/2025\/06\/IMG_0403-768x576.jpeg 768w, https:\/\/simonehertel.de\/wp-content\/uploads\/2025\/06\/IMG_0403-1536x1152.jpeg 1536w, https:\/\/simonehertel.de\/wp-content\/uploads\/2025\/06\/IMG_0403.jpeg 2048w\" sizes=\"(max-width: 1024px) 100vw, 1024px\" \/><\/figure>\n\n\n\n<figure class=\"wp-block-image size-large\"><img loading=\"lazy\" decoding=\"async\" width=\"1024\" height=\"768\" src=\"http:\/\/simonehertel.de\/wp-content\/uploads\/2025\/06\/IMG_0404-1024x768.jpeg\" alt=\"\" class=\"wp-image-95\" srcset=\"https:\/\/simonehertel.de\/wp-content\/uploads\/2025\/06\/IMG_0404-1024x768.jpeg 1024w, https:\/\/simonehertel.de\/wp-content\/uploads\/2025\/06\/IMG_0404-300x225.jpeg 300w, https:\/\/simonehertel.de\/wp-content\/uploads\/2025\/06\/IMG_0404-768x576.jpeg 768w, https:\/\/simonehertel.de\/wp-content\/uploads\/2025\/06\/IMG_0404-1536x1152.jpeg 1536w, https:\/\/simonehertel.de\/wp-content\/uploads\/2025\/06\/IMG_0404.jpeg 2048w\" sizes=\"(max-width: 1024px) 100vw, 1024px\" \/><\/figure>\n","protected":false},"excerpt":{"rendered":"<p>Willkommen in meinem Pressebereich. Hier finden Sie eine Auswahl an Ver\u00f6ffentlichungen, in denen meine Arbeit vorgestellt wurde. F\u00fcr Medienanfragen oder Bildmaterial stehe ich Ihnen jederzeit gern zur Verf\u00fcgung. Bitte kontaktieren Sie mich unter info@simonehertel.de f\u00fcr weitere Informationen oder Presseunterlagen.<\/p>\n","protected":false},"author":1,"featured_media":0,"parent":0,"menu_order":9,"comment_status":"closed","ping_status":"closed","template":"","meta":{"footnotes":""},"class_list":["post-112","page","type-page","status-publish","hentry"],"jetpack_sharing_enabled":true,"_links":{"self":[{"href":"https:\/\/simonehertel.de\/index.php?rest_route=\/wp\/v2\/pages\/112","targetHints":{"allow":["GET"]}}],"collection":[{"href":"https:\/\/simonehertel.de\/index.php?rest_route=\/wp\/v2\/pages"}],"about":[{"href":"https:\/\/simonehertel.de\/index.php?rest_route=\/wp\/v2\/types\/page"}],"author":[{"embeddable":true,"href":"https:\/\/simonehertel.de\/index.php?rest_route=\/wp\/v2\/users\/1"}],"replies":[{"embeddable":true,"href":"https:\/\/simonehertel.de\/index.php?rest_route=%2Fwp%2Fv2%2Fcomments&post=112"}],"version-history":[{"count":3,"href":"https:\/\/simonehertel.de\/index.php?rest_route=\/wp\/v2\/pages\/112\/revisions"}],"predecessor-version":[{"id":116,"href":"https:\/\/simonehertel.de\/index.php?rest_route=\/wp\/v2\/pages\/112\/revisions\/116"}],"wp:attachment":[{"href":"https:\/\/simonehertel.de\/index.php?rest_route=%2Fwp%2Fv2%2Fmedia&parent=112"}],"curies":[{"name":"wp","href":"https:\/\/api.w.org\/{rel}","templated":true}]}}