{"id":177,"date":"2025-09-15T14:49:46","date_gmt":"2025-09-15T12:49:46","guid":{"rendered":"https:\/\/simonehertel.de\/?page_id=177"},"modified":"2025-09-21T11:30:16","modified_gmt":"2025-09-21T09:30:16","slug":"winterzauber-fuer-zwei","status":"publish","type":"page","link":"https:\/\/simonehertel.de\/?page_id=177","title":{"rendered":"Winterherzen"},"content":{"rendered":"\t\t<div data-elementor-type=\"wp-page\" data-elementor-id=\"177\" class=\"elementor elementor-177\">\n\t\t\t\t<div class=\"elementor-element elementor-element-1cc5c21 e-flex e-con-boxed e-con e-parent\" data-id=\"1cc5c21\" data-element_type=\"container\">\n\t\t\t\t\t<div class=\"e-con-inner\">\n\t\t\t\t<div class=\"elementor-element elementor-element-74563f9f elementor-widget elementor-widget-text-editor\" data-id=\"74563f9f\" data-element_type=\"widget\" data-widget_type=\"text-editor.default\">\n\t\t\t\t\t\t\t\t\t\n<figure class=\"wp-block-image size-large\"><img fetchpriority=\"high\" decoding=\"async\" width=\"1024\" height=\"681\" class=\"wp-image-186\" src=\"https:\/\/simonehertel.de\/wp-content\/uploads\/2025\/09\/paarshooting-erzgebirge-winter-4-1-1024x681.jpg\" alt=\"\" srcset=\"https:\/\/simonehertel.de\/wp-content\/uploads\/2025\/09\/paarshooting-erzgebirge-winter-4-1-1024x681.jpg 1024w, https:\/\/simonehertel.de\/wp-content\/uploads\/2025\/09\/paarshooting-erzgebirge-winter-4-1-300x200.jpg 300w, https:\/\/simonehertel.de\/wp-content\/uploads\/2025\/09\/paarshooting-erzgebirge-winter-4-1-768x511.jpg 768w, https:\/\/simonehertel.de\/wp-content\/uploads\/2025\/09\/paarshooting-erzgebirge-winter-4-1-1536x1022.jpg 1536w, https:\/\/simonehertel.de\/wp-content\/uploads\/2025\/09\/paarshooting-erzgebirge-winter-4-1-2048x1363.jpg 2048w\" sizes=\"(max-width: 1024px) 100vw, 1024px\" \/><\/figure>\n\n<figure class=\"wp-block-image size-large\"><img decoding=\"async\" width=\"1024\" height=\"697\" class=\"wp-image-187\" src=\"https:\/\/simonehertel.de\/wp-content\/uploads\/2025\/09\/paarshooting-erzgebirge-winter-5-1-1024x697.jpg\" alt=\"\" srcset=\"https:\/\/simonehertel.de\/wp-content\/uploads\/2025\/09\/paarshooting-erzgebirge-winter-5-1-1024x697.jpg 1024w, https:\/\/simonehertel.de\/wp-content\/uploads\/2025\/09\/paarshooting-erzgebirge-winter-5-1-300x204.jpg 300w, https:\/\/simonehertel.de\/wp-content\/uploads\/2025\/09\/paarshooting-erzgebirge-winter-5-1-768x523.jpg 768w, https:\/\/simonehertel.de\/wp-content\/uploads\/2025\/09\/paarshooting-erzgebirge-winter-5-1-1536x1045.jpg 1536w, https:\/\/simonehertel.de\/wp-content\/uploads\/2025\/09\/paarshooting-erzgebirge-winter-5-1-2048x1394.jpg 2048w\" sizes=\"(max-width: 1024px) 100vw, 1024px\" \/><\/figure>\n\n<figure class=\"wp-block-image size-large\"><img decoding=\"async\" width=\"1024\" height=\"681\" class=\"wp-image-191\" src=\"https:\/\/simonehertel.de\/wp-content\/uploads\/2025\/09\/paarshooting-erzgebirge-winter-6-1024x681.jpg\" alt=\"\" srcset=\"https:\/\/simonehertel.de\/wp-content\/uploads\/2025\/09\/paarshooting-erzgebirge-winter-6-1024x681.jpg 1024w, https:\/\/simonehertel.de\/wp-content\/uploads\/2025\/09\/paarshooting-erzgebirge-winter-6-300x200.jpg 300w, https:\/\/simonehertel.de\/wp-content\/uploads\/2025\/09\/paarshooting-erzgebirge-winter-6-768x511.jpg 768w, https:\/\/simonehertel.de\/wp-content\/uploads\/2025\/09\/paarshooting-erzgebirge-winter-6-1536x1022.jpg 1536w, https:\/\/simonehertel.de\/wp-content\/uploads\/2025\/09\/paarshooting-erzgebirge-winter-6-2048x1363.jpg 2048w\" sizes=\"(max-width: 1024px) 100vw, 1024px\" \/><\/figure>\n\n<figure class=\"wp-block-image size-large\"><img loading=\"lazy\" decoding=\"async\" width=\"1024\" height=\"681\" class=\"wp-image-192\" src=\"https:\/\/simonehertel.de\/wp-content\/uploads\/2025\/09\/paarshooting-erzgebirge-winter-7-1024x681.jpg\" alt=\"\" srcset=\"https:\/\/simonehertel.de\/wp-content\/uploads\/2025\/09\/paarshooting-erzgebirge-winter-7-1024x681.jpg 1024w, https:\/\/simonehertel.de\/wp-content\/uploads\/2025\/09\/paarshooting-erzgebirge-winter-7-300x200.jpg 300w, https:\/\/simonehertel.de\/wp-content\/uploads\/2025\/09\/paarshooting-erzgebirge-winter-7-768x511.jpg 768w, https:\/\/simonehertel.de\/wp-content\/uploads\/2025\/09\/paarshooting-erzgebirge-winter-7-1536x1022.jpg 1536w, https:\/\/simonehertel.de\/wp-content\/uploads\/2025\/09\/paarshooting-erzgebirge-winter-7-2048x1363.jpg 2048w\" sizes=\"(max-width: 1024px) 100vw, 1024px\" \/><\/figure>\n\n<figure class=\"wp-block-image size-large\"><img loading=\"lazy\" decoding=\"async\" width=\"1024\" height=\"681\" class=\"wp-image-194\" src=\"https:\/\/simonehertel.de\/wp-content\/uploads\/2025\/09\/paarshooting-erzgebirge-winter-1-2-1024x681.jpg\" alt=\"\" srcset=\"https:\/\/simonehertel.de\/wp-content\/uploads\/2025\/09\/paarshooting-erzgebirge-winter-1-2-1024x681.jpg 1024w, https:\/\/simonehertel.de\/wp-content\/uploads\/2025\/09\/paarshooting-erzgebirge-winter-1-2-300x200.jpg 300w, https:\/\/simonehertel.de\/wp-content\/uploads\/2025\/09\/paarshooting-erzgebirge-winter-1-2-768x511.jpg 768w, https:\/\/simonehertel.de\/wp-content\/uploads\/2025\/09\/paarshooting-erzgebirge-winter-1-2-1536x1022.jpg 1536w, https:\/\/simonehertel.de\/wp-content\/uploads\/2025\/09\/paarshooting-erzgebirge-winter-1-2-2048x1363.jpg 2048w\" sizes=\"(max-width: 1024px) 100vw, 1024px\" \/><\/figure>\n\t\t\t\t\t\t\t\t<\/div>\n\t\t\t\t\t<\/div>\n\t\t\t\t<\/div>\n\t\t<div class=\"elementor-element elementor-element-b2a0a86 e-flex e-con-boxed e-con e-parent\" data-id=\"b2a0a86\" data-element_type=\"container\">\n\t\t\t\t\t<div class=\"e-con-inner\">\n\t\t\t\t<div class=\"elementor-element elementor-element-72d2510 elementor-widget elementor-widget-text-editor\" data-id=\"72d2510\" data-element_type=\"widget\" data-widget_type=\"text-editor.default\">\n\t\t\t\t\t\t\t\t\t<p data-start=\"300\" data-end=\"690\"><strong data-start=\"300\" data-end=\"358\">Der Winter ist im Erzgebirge eine ganz besondere Zeit.<\/strong> M\u00e4rchenhaft, romantisch und voller Zauber \u2013 wenn W\u00e4lder, H\u00fcgel und Berge unter einer glitzernden Schneedecke liegen, wirkt alles still und vertr\u00e4umt. F\u00fcr stimmungsvolle Fotoshootings: Ob Paare, Freundinnen oder Einzelportraits \u2013 verschneite Wege, sanfte H\u00fcgel und glitzernder Schnee laden dazu ein, besondere Momente einzufangen.<\/p>\n<p data-start=\"692\" data-end=\"925\">Die Sonne l\u00e4sst den Schnee sanft funkeln, jeder Zweig und Ast ist mit Frost \u00fcberzogen, und die W\u00e4lder wirken wie in einem Winterm\u00e4rchen. Glitzernder Schnee, klare Luft und stille W\u00e4lder schaffen eine reine, m\u00e4rchenhafte Winterwelt.<\/p>\n<p data-start=\"927\" data-end=\"1194\"><strong data-start=\"927\" data-end=\"1011\">Ein Wintershooting hier ist mehr als nur ein Fotoshooting \u2013 es ist ein Erlebnis:<\/strong> das Knirschen des Schnees unter den F\u00fc\u00dfen, die frische, klare Luft und die zauberhafte Stille machen jeden Moment unvergesslich. Jedes Bild bewahrt die Magie des Winters f\u00fcr immer.<\/p>\t\t\t\t\t\t\t\t<\/div>\n\t\t\t\t\t<\/div>\n\t\t\t\t<\/div>\n\t\t\t\t<\/div>\n\t\t","protected":false},"excerpt":{"rendered":"<p>Der Winter ist im Erzgebirge eine ganz besondere Zeit. M\u00e4rchenhaft, romantisch und voller Zauber \u2013 wenn W\u00e4lder, H\u00fcgel und Berge unter einer glitzernden Schneedecke liegen, wirkt alles still und vertr\u00e4umt. F\u00fcr stimmungsvolle Fotoshootings: Ob Paare, Freundinnen oder Einzelportraits \u2013 verschneite Wege, sanfte H\u00fcgel und glitzernder Schnee laden dazu ein, besondere Momente einzufangen. Die Sonne l\u00e4sst [&hellip;]<\/p>\n","protected":false},"author":1,"featured_media":0,"parent":0,"menu_order":6,"comment_status":"closed","ping_status":"closed","template":"","meta":{"footnotes":""},"class_list":["post-177","page","type-page","status-publish","hentry"],"jetpack_sharing_enabled":true,"_links":{"self":[{"href":"https:\/\/simonehertel.de\/index.php?rest_route=\/wp\/v2\/pages\/177","targetHints":{"allow":["GET"]}}],"collection":[{"href":"https:\/\/simonehertel.de\/index.php?rest_route=\/wp\/v2\/pages"}],"about":[{"href":"https:\/\/simonehertel.de\/index.php?rest_route=\/wp\/v2\/types\/page"}],"author":[{"embeddable":true,"href":"https:\/\/simonehertel.de\/index.php?rest_route=\/wp\/v2\/users\/1"}],"replies":[{"embeddable":true,"href":"https:\/\/simonehertel.de\/index.php?rest_route=%2Fwp%2Fv2%2Fcomments&post=177"}],"version-history":[{"count":6,"href":"https:\/\/simonehertel.de\/index.php?rest_route=\/wp\/v2\/pages\/177\/revisions"}],"predecessor-version":[{"id":202,"href":"https:\/\/simonehertel.de\/index.php?rest_route=\/wp\/v2\/pages\/177\/revisions\/202"}],"wp:attachment":[{"href":"https:\/\/simonehertel.de\/index.php?rest_route=%2Fwp%2Fv2%2Fmedia&parent=177"}],"curies":[{"name":"wp","href":"https:\/\/api.w.org\/{rel}","templated":true}]}}