{"id":20,"date":"2025-06-23T19:03:00","date_gmt":"2025-06-23T17:03:00","guid":{"rendered":"https:\/\/simonehertel.de\/?page_id=20"},"modified":"2025-11-25T16:22:11","modified_gmt":"2025-11-25T15:22:11","slug":"willkommen","status":"publish","type":"page","link":"https:\/\/simonehertel.de\/","title":{"rendered":"Willkommen"},"content":{"rendered":"\t\t<div data-elementor-type=\"wp-page\" data-elementor-id=\"20\" class=\"elementor elementor-20\">\n\t\t\t\t<div class=\"elementor-element elementor-element-266809e7 e-flex e-con-boxed e-con e-parent\" data-id=\"266809e7\" data-element_type=\"container\">\n\t\t\t\t\t<div class=\"e-con-inner\">\n\t\t\t\t<div class=\"elementor-element elementor-element-53ba0f20 elementor-widget elementor-widget-text-editor\" data-id=\"53ba0f20\" data-element_type=\"widget\" data-widget_type=\"text-editor.default\">\n\t\t\t\t\t\t\t\t\t<hr class=\"wp-block-separator has-alpha-channel-opacity\" \/>\n<p><!-- \/wp:separator --><!-- wp:paragraph {\"align\":\"center\"} --><\/p>\n<p class=\"has-text-align-center\"><a href=\"https:\/\/simonehertel.de\/\" data-type=\"page\" data-id=\"20\">Startseite <\/a>| <a href=\"https:\/\/simonehertel.de\/?page_id=130\" data-type=\"page\" data-id=\"130\">\u00dcber mich<\/a> | <a href=\"https:\/\/simonehertel.de\/?page_id=38\">Familien <\/a>| <a href=\"https:\/\/simonehertel.de\/?page_id=201\" data-type=\"page\" data-id=\"201\">Zweisam <\/a>|<br \/><a href=\"https:\/\/simonehertel.de\/?page_id=177\" data-type=\"page\" data-id=\"177\">Winterherzen <\/a>| <a href=\"https:\/\/simonehertel.de\/?page_id=233\">Herzlicht &amp; Naturglanz<\/a> |\u00a0<a href=\"https:\/\/simonehertel.de\/?page_id=159\" data-type=\"page\" data-id=\"159\">Mallorca <\/a><br \/><a href=\"https:\/\/simonehertel.de\/?page_id=112\" data-type=\"page\" data-id=\"112\">Presse &amp; Media<\/a> | <a href=\"https:\/\/simonehertel.de\/?page_id=55\" data-type=\"page\" data-id=\"55\">Datenschutz <\/a>| <a href=\"https:\/\/simonehertel.de\/?page_id=57\" data-type=\"page\" data-id=\"57\">Impressum<\/a> | <a href=\"https:\/\/simonehertel.de\/?page_id=35\" data-type=\"page\" data-id=\"35\">Kontakt &amp; Anfragen<\/a><\/p>\n<p><!-- \/wp:paragraph --><!-- wp:group {\"align\":\"full\",\"style\":{\"spacing\":{\"padding\":{\"top\":\"var:preset|spacing|50\",\"bottom\":\"var:preset|spacing|50\",\"left\":\"var:preset|spacing|50\",\"right\":\"var:preset|spacing|50\"}}},\"layout\":{\"type\":\"constrained\",\"contentSize\":\"\",\"wideSize\":\"\"}} --><\/p>\n<div class=\"wp-block-group alignfull\" style=\"padding: var(--wp--preset--spacing--50);\">\n<p><!-- wp:group {\"style\":{\"spacing\":{\"blockGap\":\"0px\"}},\"layout\":{\"type\":\"constrained\",\"contentSize\":\"565px\"}} --><\/p>\n<div class=\"wp-block-group\">\n<p><!-- wp:heading {\"textAlign\":\"center\",\"fontSize\":\"x-large\"} --><\/p>\n<h2 class=\"wp-block-heading has-text-align-center has-x-large-font-size\">Echtheit ist mein Stil. <br \/>Gef\u00fchl mein Licht.<\/h2>\n<p>\u00a0<\/p>\n<p>Unverstellt. Unverwechselbar. Unvergesslich.<\/p>\n<p><!-- \/wp:heading --><!-- wp:spacer {\"height\":\"1.25rem\"} --><\/p>\n<div class=\"wp-block-spacer\" style=\"height: 1.25rem;\" aria-hidden=\"true\">\u00a0<\/div>\n<p><!-- \/wp:spacer --><!-- wp:paragraph {\"align\":\"center\"} --><\/p>\n<p class=\"has-text-align-center\">Weil jeder Moment besonders sein darf.<br \/>Nicht nur sehen, wie du aussiehst.<\/p>\n<p><!-- \/wp:paragraph --><!-- wp:paragraph {\"align\":\"center\"} --><\/p>\n<p class=\"has-text-align-center\">Sondern sp\u00fcren, wie besonders du bist.<\/p>\n<p><!-- \/wp:paragraph --><!-- wp:spacer {\"height\":\"1.25rem\"} --><\/p>\n<div class=\"wp-block-spacer\" style=\"height: 1.25rem;\" aria-hidden=\"true\">\u00a0<\/div>\n<p><!-- \/wp:spacer --><!-- wp:buttons {\"layout\":{\"type\":\"flex\",\"justifyContent\":\"center\"}} --><\/p>\n<div class=\"wp-block-buttons\">\n<p><!-- wp:button --><\/p>\n<div class=\"wp-block-button\"><a class=\"wp-block-button__link wp-element-button\" href=\"https:\/\/simonehertel.de\/?page_id=130\">\u00dcber mich<\/a><\/div>\n<p><!-- \/wp:button --><\/p>\n<\/div>\n<p><!-- \/wp:buttons --><\/p>\n<\/div>\n<p><!-- \/wp:group --><!-- wp:spacer {\"height\":\"var:preset|spacing|30\",\"style\":{\"layout\":[]}} --><\/p>\n<div class=\"wp-block-spacer\" style=\"height: var(--wp--preset--spacing--30);\" aria-hidden=\"true\">\u00a0<\/div>\n<p><!-- \/wp:spacer --><!-- wp:image {\"id\":24,\"sizeSlug\":\"full\",\"linkDestination\":\"none\",\"align\":\"wide\",\"className\":\"is-style-rounded\"} --><\/p>\n<figure class=\"wp-block-image alignwide size-full is-style-rounded\"><img fetchpriority=\"high\" decoding=\"async\" width=\"1623\" height=\"1080\" class=\"wp-image-24\" src=\"https:\/\/simonehertel.de\/wp-content\/uploads\/2025\/06\/L_1469.jpg\" alt=\"\" srcset=\"https:\/\/simonehertel.de\/wp-content\/uploads\/2025\/06\/L_1469.jpg 1623w, https:\/\/simonehertel.de\/wp-content\/uploads\/2025\/06\/L_1469-300x200.jpg 300w, https:\/\/simonehertel.de\/wp-content\/uploads\/2025\/06\/L_1469-1024x681.jpg 1024w, https:\/\/simonehertel.de\/wp-content\/uploads\/2025\/06\/L_1469-768x511.jpg 768w, https:\/\/simonehertel.de\/wp-content\/uploads\/2025\/06\/L_1469-1536x1022.jpg 1536w\" sizes=\"(max-width: 1623px) 100vw, 1623px\" \/><\/figure>\n<p><!-- \/wp:image --><\/p>\n<\/div>\n<p><!-- \/wp:group --><!-- wp:group {\"align\":\"full\",\"style\":{\"spacing\":{\"margin\":{\"top\":\"0\",\"bottom\":\"0\"},\"padding\":{\"top\":\"var:preset|spacing|50\",\"bottom\":\"var:preset|spacing|50\",\"left\":\"var:preset|spacing|50\",\"right\":\"var:preset|spacing|50\"}}},\"backgroundColor\":\"base-2\",\"layout\":{\"type\":\"constrained\"}} --><\/p>\n<div class=\"wp-block-group alignfull has-base-2-background-color has-background\" style=\"margin-top: 0; margin-bottom: 0; padding: var(--wp--preset--spacing--50);\">\n<p><!-- wp:group {\"style\":{\"spacing\":{\"blockGap\":\"0px\"}},\"layout\":{\"type\":\"flex\",\"orientation\":\"vertical\",\"justifyContent\":\"center\"}} --><\/p>\n<div class=\"wp-block-group\">\n<p><!-- wp:heading {\"textAlign\":\"center\",\"className\":\"is-style-asterisk\"} --><\/p>\n<h2 class=\"wp-block-heading has-text-align-center is-style-asterisk\">Ver\u00f6ffentlicht in:<\/h2>\n<p><!-- \/wp:heading --><!-- wp:spacer {\"height\":\"0px\",\"style\":{\"layout\":{\"flexSize\":\"1.25rem\",\"selfStretch\":\"fixed\"}}} --><\/p>\n<div class=\"wp-block-spacer\" style=\"height: 0px;\" aria-hidden=\"true\">\u00a0<\/div>\n<p><!-- \/wp:spacer --><!-- wp:paragraph {\"align\":\"center\"} --><\/p>\n<p class=\"has-text-align-center\">Pictures Magazin | CHIP Foto Video | DigitalPHOTO u. a.<\/p>\n<p><!-- \/wp:paragraph --><!-- wp:paragraph --><\/p>\n<p><!-- \/wp:paragraph --><!-- wp:paragraph {\"align\":\"center\"} --><\/p>\n<p><!-- \/wp:paragraph --><\/p>\n<\/div>\n<p><!-- \/wp:group --><!-- wp:spacer {\"height\":\"var:preset|spacing|40\",\"style\":{\"spacing\":{\"margin\":{\"top\":\"0\",\"bottom\":\"0\"}}}} --><\/p>\n<div class=\"wp-block-spacer\" style=\"margin-top: 0; margin-bottom: 0; height: var(--wp--preset--spacing--40);\" aria-hidden=\"true\">\u00a0<\/div>\n<p><!-- \/wp:spacer --><!-- wp:columns {\"align\":\"wide\",\"style\":{\"spacing\":{\"blockGap\":{\"top\":\"var:preset|spacing|30\",\"left\":\"var:preset|spacing|40\"}}}} --><\/p>\n<div class=\"wp-block-columns alignwide\">\n<p><!-- wp:column {\"style\":{\"spacing\":{\"blockGap\":\"var:preset|spacing|10\"}}} --><\/p>\n<div class=\"wp-block-column\">\n<p><!-- wp:heading {\"textAlign\":\"left\",\"level\":3,\"className\":\"is-style-asterisk\",\"style\":{\"typography\":{\"fontStyle\":\"normal\",\"fontWeight\":\"600\"}},\"fontSize\":\"medium\",\"fontFamily\":\"body\"} --><\/p>\n<h3 class=\"wp-block-heading has-text-align-left is-style-asterisk has-body-font-family has-medium-font-size\" style=\"font-style: normal; font-weight: 600;\">Kinder- und Familienfotografie<\/h3>\n<p><!-- \/wp:heading --><!-- wp:paragraph {\"align\":\"left\"} --><\/p>\n<p class=\"has-text-align-left\">International ausgezeichnet<\/p>\n<p><!-- \/wp:paragraph --><\/p>\n<\/div>\n<p><!-- \/wp:column --><!-- wp:column {\"style\":{\"spacing\":{\"blockGap\":\"var:preset|spacing|10\"}}} --><\/p>\n<div class=\"wp-block-column\">\n<p><!-- wp:heading {\"textAlign\":\"left\",\"level\":3,\"className\":\"is-style-asterisk\",\"style\":{\"typography\":{\"fontStyle\":\"normal\",\"fontWeight\":\"600\"}},\"fontSize\":\"medium\",\"fontFamily\":\"body\"} --><\/p>\n<h3 class=\"wp-block-heading has-text-align-left is-style-asterisk has-body-font-family has-medium-font-size\" style=\"font-style: normal; font-weight: 600;\">Emotionales Storytelling<\/h3>\n<p><!-- \/wp:heading --><!-- wp:paragraph {\"align\":\"left\"} --><\/p>\n<p class=\"has-text-align-left\">Paare, deren Geschichten <br \/>durch Bilder lebendig werden.<\/p>\n<p><!-- \/wp:paragraph --><\/p>\n<\/div>\n<p><!-- \/wp:column --><!-- wp:column {\"style\":{\"spacing\":{\"blockGap\":\"var:preset|spacing|10\"}}} --><\/p>\n<div class=\"wp-block-column\">\n<p><!-- wp:heading {\"textAlign\":\"left\",\"level\":3,\"className\":\"is-style-asterisk\",\"style\":{\"typography\":{\"fontStyle\":\"normal\",\"fontWeight\":\"600\"}},\"fontSize\":\"medium\",\"fontFamily\":\"body\"} --><\/p>\n<h3 class=\"wp-block-heading has-text-align-left is-style-asterisk has-body-font-family has-medium-font-size\" style=\"font-style: normal; font-weight: 600;\">Frauen-Portraits<\/h3>\n<p><!-- \/wp:heading --><!-- wp:paragraph {\"align\":\"left\"} --><\/p>\n<p class=\"has-text-align-left\">F\u00fcr Frauen, deren Licht in jedem Bild tanzt.<\/p>\n<p><!-- \/wp:paragraph --><\/p>\n<\/div>\n<p><!-- \/wp:column --><\/p>\n<\/div>\n<p><!-- \/wp:columns --><!-- wp:spacer {\"height\":\"var:preset|spacing|20\"} --><\/p>\n<div class=\"wp-block-spacer\" style=\"height: var(--wp--preset--spacing--20);\" aria-hidden=\"true\">\u00a0<\/div>\n<p><!-- \/wp:spacer --><!-- wp:columns {\"align\":\"wide\",\"style\":{\"spacing\":{\"blockGap\":{\"top\":\"var:preset|spacing|30\",\"left\":\"var:preset|spacing|40\"}}}} --><\/p>\n<div class=\"wp-block-columns alignwide\">\n<p><!-- wp:column {\"style\":{\"spacing\":{\"blockGap\":\"var:preset|spacing|10\"}}} --><\/p>\n<div class=\"wp-block-column\">\n<p><!-- wp:paragraph {\"align\":\"left\"} --><\/p>\n<p class=\"has-text-align-left\">Entdeckt mehr dazu <a href=\"https:\/\/simonehertel.de\/?page_id=38\">hier<\/a><\/p>\n<p><!-- \/wp:paragraph --><\/p>\n<\/div>\n<p><!-- \/wp:column --><!-- wp:column {\"style\":{\"spacing\":{\"blockGap\":\"var:preset|spacing|10\"}}} --><\/p>\n<div class=\"wp-block-column\">\n<p><!-- wp:paragraph {\"align\":\"left\"} --><\/p>\n<p class=\"has-text-align-left\">Entdeckt mehr dazu <a href=\"https:\/\/simonehertel.de\/?page_id=201\">hier<\/a><br \/>Zauberhafte Winterromantik findet ihr <a href=\"https:\/\/simonehertel.de\/?page_id=177\" data-type=\"link\" data-id=\"https:\/\/simonehertel.de\/?page_id=177\">hier<\/a><\/p>\n<p><!-- \/wp:paragraph --><\/p>\n<\/div>\n<p><!-- \/wp:column --><!-- wp:column {\"style\":{\"spacing\":{\"blockGap\":\"var:preset|spacing|10\"}}} --><\/p>\n<div class=\"wp-block-column\">\n<p><!-- wp:paragraph {\"align\":\"left\"} --><\/p>\n<p class=\"has-text-align-left\">\u00a0<\/p>\n<p><!-- \/wp:paragraph --><\/p>\n<\/div>\n<p><!-- \/wp:column --><\/p>\n<\/div>\n<p><!-- \/wp:columns --><\/p>\n<\/div>\n<p><!-- \/wp:group --><!-- wp:group {\"align\":\"full\",\"style\":{\"spacing\":{\"padding\":{\"top\":\"var:preset|spacing|50\",\"bottom\":\"var:preset|spacing|50\",\"left\":\"var:preset|spacing|50\",\"right\":\"var:preset|spacing|50\"},\"margin\":{\"top\":\"0\",\"bottom\":\"0\"}}},\"layout\":{\"type\":\"constrained\"}} --><\/p>\n<div class=\"wp-block-group alignfull\" style=\"margin-top: 0; margin-bottom: 0; padding: var(--wp--preset--spacing--50);\">\n<p><!-- wp:group {\"align\":\"wide\",\"style\":{\"spacing\":{\"blockGap\":\"0\"}},\"layout\":{\"type\":\"constrained\"}} --><\/p>\n<div class=\"wp-block-group alignwide\">\n<p><!-- wp:group {\"style\":{\"spacing\":{\"blockGap\":\"var:preset|spacing|10\"}},\"layout\":{\"type\":\"flex\",\"orientation\":\"vertical\",\"justifyContent\":\"center\"}} --><\/p>\n<div class=\"wp-block-group\">\n<p><!-- wp:heading {\"textAlign\":\"center\",\"className\":\"is-style-asterisk\"} --><\/p>\n<h2 class=\"wp-block-heading has-text-align-center is-style-asterisk\"><strong>Hi, ich bin&#8217;s &#8230; Simone<\/strong><\/h2>\n<p><!-- \/wp:heading --><!-- wp:paragraph {\"align\":\"center\",\"style\":{\"layout\":{\"selfStretch\":\"fit\",\"flexSize\":null}}} --><\/p>\n<p class=\"has-text-align-center\">Ich lebe mit meiner Tochter am Fu\u00dfe des Erzgebirges <br \/>und bin Fotografin f\u00fcr Familien, Paare und Frauen.<br \/>Die Natur hier ist meine Heimat \u2013 ruhig, weit und voller besonderer Kulissen f\u00fcr echte, pers\u00f6nliche Shootings.<\/p>\n<p><!-- \/wp:paragraph --><\/p>\n<\/div>\n<p><!-- \/wp:group --><!-- wp:spacer {\"height\":\"var:preset|spacing|40\"} --><\/p>\n<div class=\"wp-block-spacer\" style=\"height: var(--wp--preset--spacing--40);\" aria-hidden=\"true\">\u00a0<\/div>\n<p><!-- \/wp:spacer --><!-- wp:columns {\"align\":\"wide\",\"style\":{\"spacing\":{\"blockGap\":{\"top\":\"var:preset|spacing|50\",\"left\":\"var:preset|spacing|60\"}}}} --><\/p>\n<div class=\"wp-block-columns alignwide\">\n<p><!-- wp:column {\"verticalAlignment\":\"center\",\"width\":\"40%\"} --><\/p>\n<div class=\"wp-block-column is-vertically-aligned-center\" style=\"flex-basis: 40%;\">\u00a0<\/div>\n<p><!-- \/wp:column --><!-- wp:column {\"width\":\"50%\"} --><\/p>\n<div class=\"wp-block-column\" style=\"flex-basis: 50%;\">\n<p><!-- wp:image {\"id\":26,\"sizeSlug\":\"large\",\"linkDestination\":\"none\",\"className\":\"is-style-rounded\"} --><\/p>\n<figure class=\"wp-block-image size-large is-style-rounded\"><img decoding=\"async\" width=\"1024\" height=\"683\" class=\"wp-image-26\" src=\"https:\/\/simonehertel.de\/wp-content\/uploads\/2025\/06\/115-1024x683.jpg\" alt=\"\" srcset=\"https:\/\/simonehertel.de\/wp-content\/uploads\/2025\/06\/115-1024x683.jpg 1024w, https:\/\/simonehertel.de\/wp-content\/uploads\/2025\/06\/115-300x200.jpg 300w, https:\/\/simonehertel.de\/wp-content\/uploads\/2025\/06\/115-768x512.jpg 768w, https:\/\/simonehertel.de\/wp-content\/uploads\/2025\/06\/115-1536x1024.jpg 1536w, https:\/\/simonehertel.de\/wp-content\/uploads\/2025\/06\/115-2048x1365.jpg 2048w\" sizes=\"(max-width: 1024px) 100vw, 1024px\" \/><\/figure>\n<p><!-- \/wp:image --><\/p>\n<\/div>\n<p><!-- \/wp:column --><\/p>\n<\/div>\n<p><!-- \/wp:columns --><\/p>\n<\/div>\n<p><!-- \/wp:group --><\/p>\n<\/div>\n<p><!-- \/wp:group --><!-- wp:group {\"metadata\":{\"name\":\"Referenz\"},\"align\":\"full\",\"style\":{\"spacing\":{\"padding\":{\"top\":\"var:preset|spacing|60\",\"bottom\":\"var:preset|spacing|60\",\"left\":\"var:preset|spacing|60\",\"right\":\"var:preset|spacing|60\"},\"margin\":{\"top\":\"0\",\"bottom\":\"0\"}}},\"backgroundColor\":\"contrast\",\"textColor\":\"base\",\"layout\":{\"type\":\"constrained\",\"contentSize\":\"\"}} --><\/p>\n<div class=\"wp-block-group alignfull has-base-color has-contrast-background-color has-text-color has-background\" style=\"margin-top: 0; margin-bottom: 0; padding: var(--wp--preset--spacing--60);\">\n<p><!-- wp:group {\"layout\":{\"type\":\"constrained\"}} --><\/p>\n<div class=\"wp-block-group\">\n<p><!-- wp:paragraph {\"align\":\"center\",\"style\":{\"typography\":{\"lineHeight\":\"1.2\"}},\"textColor\":\"base\",\"fontSize\":\"x-large\",\"fontFamily\":\"heading\"} --><\/p>\n<p class=\"has-text-align-center has-base-color has-text-color has-heading-font-family has-x-large-font-size\" style=\"line-height: 1.2;\"><em>\u201eLiebe Simone, wir haben DIR zu danken, dass Du uns auf eine so tolle kleine Reise mitgenommen hast! \u2026<\/em><\/p>\n<p><!-- \/wp:paragraph --><!-- wp:paragraph --><\/p>\n<p>Was f\u00fcr ein Tag, was f\u00fcr eine tolle Erfahrung, die lebenslangen Erinnerungen- nicht nur f\u00fcr uns, sondern ganz besonders f\u00fcr unsere M\u00e4use- sie werden f\u00fcr immer eine Erinnerung daran haben. All das hast Du eingefangen\u2026 die Kulisse ist atemberaubend, das Licht so unglaublich weich und sch\u00f6n\u2026 Tausend Dank f\u00fcr die Bilder- sie sind so so wundersch\u00f6n! \ud83c\udf40\u2665\ufe0f<\/p>\n<p><!-- \/wp:paragraph --><!-- wp:paragraph --><\/p>\n<p>Ich habe sie gerade noch den Kindern gezeigt und ihre Reaktion war einfach nur- WOOW\u2026 und das von Kindern- das hat mich sehr ber\u00fchrt. \ud83e\udd72 Ich bin sehr gl\u00fccklich, dass wir Dich gefunden haben und Du uns so toll eingefangen hast.\u00a0<\/p>\n<p><!-- \/wp:paragraph --><!-- wp:paragraph --><\/p>\n<p>Wir freuen uns ganz ganz doll \u00fcber die Bilder! \ud83d\ude0d<\/p>\n<p><!-- \/wp:paragraph --><!-- wp:paragraph --><\/p>\n<p><strong>Du hast einen so wunderbaren Blick und bist eine so herzliche und liebevolle Fotografin &#8211; wir werden Dich weiter empfehlen! \ud83e\udd70<em>\u201c<\/em><\/strong><\/p>\n<p><!-- \/wp:paragraph --><!-- wp:spacer {\"height\":\"var:preset|spacing|10\"} --><\/p>\n<div class=\"wp-block-spacer\" style=\"height: var(--wp--preset--spacing--10);\" aria-hidden=\"true\">\u00a0<\/div>\n<p><!-- \/wp:spacer --><!-- wp:group {\"metadata\":{\"name\":\"Quelle der Referenz\"},\"style\":{\"spacing\":{\"blockGap\":\"0\"}},\"layout\":{\"type\":\"flex\",\"orientation\":\"vertical\",\"justifyContent\":\"center\",\"flexWrap\":\"nowrap\"}} --><\/p>\n<div class=\"wp-block-group\">\n<p><!-- wp:image {\"width\":\"60px\",\"aspectRatio\":\"1\",\"scale\":\"cover\",\"sizeSlug\":\"thumbnail\",\"linkDestination\":\"none\",\"align\":\"center\",\"style\":{\"border\":{\"radius\":\"100px\"}}} --><\/p>\n<figure class=\"wp-block-image aligncenter size-thumbnail is-resized has-custom-border\"><img style=\"border-radius: 100px; aspect-ratio: 1; object-fit: cover; width: 60px;\" alt=\"\" \/><\/figure>\n<p><!-- \/wp:image --><!-- wp:paragraph {\"align\":\"center\",\"style\":{\"spacing\":{\"margin\":{\"top\":\"var:preset|spacing|10\",\"bottom\":\"0\"}}}} --><\/p>\n<p class=\"has-text-align-center\" style=\"margin-top: var(--wp--preset--spacing--10); margin-bottom: 0;\">Fam. L.<\/p>\n<p><!-- \/wp:paragraph --><!-- wp:paragraph {\"align\":\"center\",\"style\":{\"typography\":{\"fontStyle\":\"normal\",\"fontWeight\":\"300\"}},\"textColor\":\"contrast-3\",\"fontSize\":\"small\"} --><\/p>\n<p class=\"has-text-align-center has-contrast-3-color has-text-color has-small-font-size\" style=\"font-style: normal; font-weight: 300;\">Kundin<\/p>\n<p><!-- \/wp:paragraph --><\/p>\n<\/div>\n<p><!-- \/wp:group --><\/p>\n<\/div>\n<p><!-- \/wp:group --><\/p>\n<\/div>\n<p><!-- \/wp:group --><!-- wp:group {\"align\":\"full\",\"style\":{\"spacing\":{\"padding\":{\"top\":\"var:preset|spacing|50\",\"bottom\":\"var:preset|spacing|50\",\"left\":\"var:preset|spacing|50\",\"right\":\"var:preset|spacing|50\"},\"margin\":{\"top\":\"0\",\"bottom\":\"0\"}}},\"layout\":{\"type\":\"constrained\"}} --><\/p>\n<div class=\"wp-block-group alignfull\" style=\"margin-top: 0; margin-bottom: 0; padding: var(--wp--preset--spacing--50);\">\n<p><!-- wp:heading {\"align\":\"wide\",\"style\":{\"typography\":{\"lineHeight\":\"1\"},\"spacing\":{\"margin\":{\"top\":\"0\",\"bottom\":\"var:preset|spacing|40\"}}},\"fontSize\":\"x-large\"} --><\/p>\n<h2 class=\"wp-block-heading alignwide has-x-large-font-size\" style=\"margin-top: 0; margin-bottom: var(--wp--preset--spacing--40); line-height: 1;\">Kontakt &amp; Anfragen<\/h2>\n<p><!-- \/wp:heading --><!-- wp:group {\"align\":\"wide\",\"layout\":{\"type\":\"constrained\"}} --><\/p>\n<div class=\"wp-block-group alignwide\">\n<p><!-- wp:query {\"queryId\":6,\"query\":{\"perPage\":10,\"pages\":0,\"offset\":0,\"postType\":\"post\",\"order\":\"desc\",\"orderBy\":\"date\",\"author\":\"\",\"search\":\"\",\"exclude\":[],\"sticky\":\"\",\"inherit\":false},\"align\":\"wide\",\"layout\":{\"type\":\"default\"}} --><\/p>\n<div class=\"wp-block-query alignwide\">\n<p><!-- wp:post-template --><!-- wp:separator {\"className\":\"alignwide is-style-wide\",\"backgroundColor\":\"contrast-3\"} --><\/p>\n<hr class=\"wp-block-separator has-text-color has-contrast-3-color has-alpha-channel-opacity has-contrast-3-background-color has-background alignwide is-style-wide\" \/>\n<p><!-- \/wp:separator --><!-- wp:columns {\"verticalAlignment\":\"center\",\"align\":\"wide\",\"style\":{\"spacing\":{\"margin\":{\"top\":\"var:preset|spacing|20\",\"bottom\":\"var:preset|spacing|20\"}}}} --><\/p>\n<div class=\"wp-block-columns alignwide are-vertically-aligned-center\" style=\"margin-top: var(--wp--preset--spacing--20); margin-bottom: var(--wp--preset--spacing--20);\">\n<p><!-- wp:column {\"verticalAlignment\":\"center\",\"width\":\"72%\"} --><\/p>\n<div class=\"wp-block-column is-vertically-aligned-center\" style=\"flex-basis: 72%;\"><!-- wp:post-title {\"isLink\":true,\"style\":{\"typography\":{\"lineHeight\":\"1.1\",\"fontSize\":\"1.5rem\"}}} \/--><\/div>\n<p><!-- \/wp:column --><!-- wp:column {\"verticalAlignment\":\"center\",\"width\":\"28%\"} --><\/p>\n<div class=\"wp-block-column is-vertically-aligned-center\" style=\"flex-basis: 28%;\"><!-- wp:template-part {\"slug\":\"post-meta\",\"theme\":\"twentytwentyfour\"} \/--><\/div>\n<p><!-- \/wp:column --><\/p>\n<\/div>\n<p><!-- \/wp:columns --><!-- \/wp:post-template --><!-- wp:spacer {\"height\":\"var:preset|spacing|30\"} --><\/p>\n<div class=\"wp-block-spacer\" style=\"height: var(--wp--preset--spacing--30);\" aria-hidden=\"true\">\u00a0<\/div>\n<p><!-- \/wp:spacer --><!-- wp:query-pagination {\"paginationArrow\":\"arrow\",\"layout\":{\"type\":\"flex\",\"justifyContent\":\"space-between\"}} --><!-- wp:query-pagination-previous \/--><!-- wp:query-pagination-numbers \/--><!-- wp:query-pagination-next \/--><!-- \/wp:query-pagination --><!-- wp:query-no-results --><!-- wp:paragraph --><\/p>\n<p>Es wurden keine Beitr\u00e4ge gefunden.<\/p>\n<p><!-- \/wp:paragraph --><!-- \/wp:query-no-results --><\/p>\n<\/div>\n<p><!-- \/wp:query --><\/p>\n<\/div>\n<p><!-- \/wp:group --><\/p>\n<\/div>\n<p><!-- \/wp:group --><!-- wp:group {\"align\":\"full\",\"style\":{\"spacing\":{\"padding\":{\"top\":\"var:preset|spacing|50\",\"bottom\":\"var:preset|spacing|50\",\"left\":\"var:preset|spacing|50\",\"right\":\"var:preset|spacing|50\"},\"margin\":{\"top\":\"0\",\"bottom\":\"0\"}}},\"layout\":{\"type\":\"constrained\"}} --><\/p>\n<div class=\"wp-block-group alignfull\" style=\"margin-top: 0; margin-bottom: 0; padding: var(--wp--preset--spacing--50);\">\n<p><!-- wp:group {\"align\":\"wide\",\"style\":{\"border\":{\"radius\":\"16px\"},\"spacing\":{\"padding\":{\"top\":\"var:preset|spacing|40\",\"bottom\":\"var:preset|spacing|40\",\"left\":\"var:preset|spacing|50\",\"right\":\"var:preset|spacing|50\"}}},\"backgroundColor\":\"base-2\",\"layout\":{\"type\":\"constrained\"}} --><\/p>\n<div class=\"wp-block-group alignwide has-base-2-background-color has-background\" style=\"border-radius: 16px; padding: var(--wp--preset--spacing--40) var(--wp--preset--spacing--50) var(--wp--preset--spacing--40) var(--wp--preset--spacing--50);\">\n<p><!-- wp:spacer {\"height\":\"var:preset|spacing|10\"} --><\/p>\n<div class=\"wp-block-spacer\" style=\"height: var(--wp--preset--spacing--10);\" aria-hidden=\"true\">\u00a0<\/div>\n<p><!-- \/wp:spacer --><!-- wp:heading {\"textAlign\":\"center\",\"fontSize\":\"x-large\"} --><\/p>\n<h2 class=\"wp-block-heading has-text-align-center has-x-large-font-size\">Schlie\u00dfe dich 900+ Abonnenten an<\/h2>\n<p><!-- \/wp:heading --><!-- wp:paragraph {\"align\":\"center\"} --><\/p>\n<p class=\"has-text-align-center\">Bleibe auf dem Laufenden mit allem, was du wissen musst.<\/p>\n<p><!-- \/wp:paragraph --><!-- wp:buttons {\"layout\":{\"type\":\"flex\",\"justifyContent\":\"center\"}} --><\/p>\n<div class=\"wp-block-buttons\">\n<p><!-- wp:button --><\/p>\n<div class=\"wp-block-button\"><a class=\"wp-block-button__link wp-element-button\">Anmelden<\/a><\/div>\n<p><!-- \/wp:button --><\/p>\n<\/div>\n<p><!-- \/wp:buttons --><!-- wp:spacer {\"height\":\"var:preset|spacing|10\"} --><\/p>\n<div class=\"wp-block-spacer\" style=\"height: var(--wp--preset--spacing--10);\" aria-hidden=\"true\">\u00a0<\/div>\n<p><!-- \/wp:spacer --><\/p>\n<\/div>\n<p><!-- \/wp:group --><\/p>\n<\/div>\n<p><!-- \/wp:group --><\/p>\t\t\t\t\t\t\t\t<\/div>\n\t\t\t\t\t<\/div>\n\t\t\t\t<\/div>\n\t\t\t\t<\/div>\n\t\t","protected":false},"excerpt":{"rendered":"<p>Startseite | \u00dcber mich | Familien | Zweisam |Winterherzen | Herzlicht &amp; Naturglanz |\u00a0Mallorca Presse &amp; Media | Datenschutz | Impressum | Kontakt &amp; Anfragen Echtheit ist mein Stil. Gef\u00fchl mein Licht. \u00a0 Unverstellt. Unverwechselbar. Unvergesslich. \u00a0 Weil jeder Moment besonders sein darf.Nicht nur sehen, wie du aussiehst. Sondern sp\u00fcren, wie besonders du bist. \u00a0 [&hellip;]<\/p>\n","protected":false},"author":1,"featured_media":0,"parent":0,"menu_order":1,"comment_status":"closed","ping_status":"closed","template":"","meta":{"footnotes":""},"class_list":["post-20","page","type-page","status-publish","hentry"],"jetpack_sharing_enabled":true,"_links":{"self":[{"href":"https:\/\/simonehertel.de\/index.php?rest_route=\/wp\/v2\/pages\/20","targetHints":{"allow":["GET"]}}],"collection":[{"href":"https:\/\/simonehertel.de\/index.php?rest_route=\/wp\/v2\/pages"}],"about":[{"href":"https:\/\/simonehertel.de\/index.php?rest_route=\/wp\/v2\/types\/page"}],"author":[{"embeddable":true,"href":"https:\/\/simonehertel.de\/index.php?rest_route=\/wp\/v2\/users\/1"}],"replies":[{"embeddable":true,"href":"https:\/\/simonehertel.de\/index.php?rest_route=%2Fwp%2Fv2%2Fcomments&post=20"}],"version-history":[{"count":21,"href":"https:\/\/simonehertel.de\/index.php?rest_route=\/wp\/v2\/pages\/20\/revisions"}],"predecessor-version":[{"id":262,"href":"https:\/\/simonehertel.de\/index.php?rest_route=\/wp\/v2\/pages\/20\/revisions\/262"}],"wp:attachment":[{"href":"https:\/\/simonehertel.de\/index.php?rest_route=%2Fwp%2Fv2%2Fmedia&parent=20"}],"curies":[{"name":"wp","href":"https:\/\/api.w.org\/{rel}","templated":true}]}}