{"id":233,"date":"2025-11-25T16:15:52","date_gmt":"2025-11-25T15:15:52","guid":{"rendered":"https:\/\/simonehertel.de\/?page_id=233"},"modified":"2025-11-25T16:15:52","modified_gmt":"2025-11-25T15:15:52","slug":"herzlicht-naturglanz","status":"publish","type":"page","link":"https:\/\/simonehertel.de\/?page_id=233","title":{"rendered":"Herzlicht &amp; Naturglanz"},"content":{"rendered":"\n<p>Momente voller W\u00e4rme, Licht und Natur &#8211; kostbar wie kleine Sch\u00e4tze. Wo Herz und Licht die Natur ber\u00fchren &#8211; stille Augenblicke voller Glanz.<br><br>Bei Interesse an Prints oder lizenzierten Nutzungen freue ich mich \u00fcber eine Nachricht.<\/p>\n\n\n\n<figure class=\"wp-block-image size-large\"><img fetchpriority=\"high\" decoding=\"async\" width=\"682\" height=\"1024\" src=\"https:\/\/simonehertel.de\/wp-content\/uploads\/2025\/11\/erzgebirge-winterzauber-simone-hertel-18-682x1024.jpg\" alt=\"goldene Eiszapfen auf einer verschneiten fichte im Gegenlicht der Sonne auf dem Fichtelberg im Erzgebirge\" class=\"wp-image-234\" srcset=\"https:\/\/simonehertel.de\/wp-content\/uploads\/2025\/11\/erzgebirge-winterzauber-simone-hertel-18-682x1024.jpg 682w, https:\/\/simonehertel.de\/wp-content\/uploads\/2025\/11\/erzgebirge-winterzauber-simone-hertel-18-200x300.jpg 200w, https:\/\/simonehertel.de\/wp-content\/uploads\/2025\/11\/erzgebirge-winterzauber-simone-hertel-18-768x1152.jpg 768w, https:\/\/simonehertel.de\/wp-content\/uploads\/2025\/11\/erzgebirge-winterzauber-simone-hertel-18-1024x1536.jpg 1024w, https:\/\/simonehertel.de\/wp-content\/uploads\/2025\/11\/erzgebirge-winterzauber-simone-hertel-18.jpg 1333w\" sizes=\"(max-width: 682px) 100vw, 682px\" \/><\/figure>\n\n\n\n<figure class=\"wp-block-image size-large\"><img decoding=\"async\" width=\"682\" height=\"1024\" src=\"https:\/\/simonehertel.de\/wp-content\/uploads\/2025\/11\/erzgebirge-winterzauber-simone-hertel-10-682x1024.jpg\" alt=\"Schneegest\u00f6ber im Gegenlicht an einem erzgebirgischen Cafe mit Schwibbogen und Lichterglanz am Eingang \" class=\"wp-image-235\" srcset=\"https:\/\/simonehertel.de\/wp-content\/uploads\/2025\/11\/erzgebirge-winterzauber-simone-hertel-10-682x1024.jpg 682w, https:\/\/simonehertel.de\/wp-content\/uploads\/2025\/11\/erzgebirge-winterzauber-simone-hertel-10-200x300.jpg 200w, https:\/\/simonehertel.de\/wp-content\/uploads\/2025\/11\/erzgebirge-winterzauber-simone-hertel-10-768x1152.jpg 768w, https:\/\/simonehertel.de\/wp-content\/uploads\/2025\/11\/erzgebirge-winterzauber-simone-hertel-10-1024x1536.jpg 1024w, https:\/\/simonehertel.de\/wp-content\/uploads\/2025\/11\/erzgebirge-winterzauber-simone-hertel-10.jpg 1333w\" sizes=\"(max-width: 682px) 100vw, 682px\" \/><\/figure>\n\n\n\n<figure class=\"wp-block-image size-large\"><img decoding=\"async\" width=\"1024\" height=\"682\" src=\"https:\/\/simonehertel.de\/wp-content\/uploads\/2025\/11\/erzgebirge-winterzauber-simone-hertel-16-1024x682.jpg\" alt=\"Sonnenstern auf dem winterlichen Fichtelberg im Erzgebirge\" class=\"wp-image-236\" srcset=\"https:\/\/simonehertel.de\/wp-content\/uploads\/2025\/11\/erzgebirge-winterzauber-simone-hertel-16-1024x682.jpg 1024w, https:\/\/simonehertel.de\/wp-content\/uploads\/2025\/11\/erzgebirge-winterzauber-simone-hertel-16-300x200.jpg 300w, https:\/\/simonehertel.de\/wp-content\/uploads\/2025\/11\/erzgebirge-winterzauber-simone-hertel-16-768x512.jpg 768w, https:\/\/simonehertel.de\/wp-content\/uploads\/2025\/11\/erzgebirge-winterzauber-simone-hertel-16-1536x1024.jpg 1536w, https:\/\/simonehertel.de\/wp-content\/uploads\/2025\/11\/erzgebirge-winterzauber-simone-hertel-16.jpg 2000w\" sizes=\"(max-width: 1024px) 100vw, 1024px\" \/><\/figure>\n\n\n\n<figure class=\"wp-block-image size-large\"><img loading=\"lazy\" decoding=\"async\" width=\"1024\" height=\"682\" src=\"https:\/\/simonehertel.de\/wp-content\/uploads\/2025\/11\/erzgebirge-winterzauber-simone-hertel-22-1024x682.jpg\" alt=\"Nebelschwaden und untergehende Sonne mit Sonnenstern \u00fcber den tief verschneiten Fichten auf dem Fichtelberg im Erzgebirge\" class=\"wp-image-237\" srcset=\"https:\/\/simonehertel.de\/wp-content\/uploads\/2025\/11\/erzgebirge-winterzauber-simone-hertel-22-1024x682.jpg 1024w, https:\/\/simonehertel.de\/wp-content\/uploads\/2025\/11\/erzgebirge-winterzauber-simone-hertel-22-300x200.jpg 300w, https:\/\/simonehertel.de\/wp-content\/uploads\/2025\/11\/erzgebirge-winterzauber-simone-hertel-22-768x512.jpg 768w, https:\/\/simonehertel.de\/wp-content\/uploads\/2025\/11\/erzgebirge-winterzauber-simone-hertel-22-1536x1024.jpg 1536w, https:\/\/simonehertel.de\/wp-content\/uploads\/2025\/11\/erzgebirge-winterzauber-simone-hertel-22.jpg 2000w\" sizes=\"(max-width: 1024px) 100vw, 1024px\" \/><\/figure>\n\n\n\n<figure class=\"wp-block-image size-large\"><img loading=\"lazy\" decoding=\"async\" width=\"1024\" height=\"682\" src=\"https:\/\/simonehertel.de\/wp-content\/uploads\/2025\/11\/erzgebirge-winterzauber-simone-hertel-23-1024x682.jpg\" alt=\"Sonnenuntergangsstimmung auf dem Fichtelberg im Erzgebirge mit untergehender Sonne und Nebelschwaden\" class=\"wp-image-238\" srcset=\"https:\/\/simonehertel.de\/wp-content\/uploads\/2025\/11\/erzgebirge-winterzauber-simone-hertel-23-1024x682.jpg 1024w, https:\/\/simonehertel.de\/wp-content\/uploads\/2025\/11\/erzgebirge-winterzauber-simone-hertel-23-300x200.jpg 300w, https:\/\/simonehertel.de\/wp-content\/uploads\/2025\/11\/erzgebirge-winterzauber-simone-hertel-23-768x512.jpg 768w, https:\/\/simonehertel.de\/wp-content\/uploads\/2025\/11\/erzgebirge-winterzauber-simone-hertel-23-1536x1024.jpg 1536w, https:\/\/simonehertel.de\/wp-content\/uploads\/2025\/11\/erzgebirge-winterzauber-simone-hertel-23.jpg 2000w\" sizes=\"(max-width: 1024px) 100vw, 1024px\" \/><\/figure>\n\n\n\n<figure class=\"wp-block-image size-large\"><img loading=\"lazy\" decoding=\"async\" width=\"1024\" height=\"682\" src=\"https:\/\/simonehertel.de\/wp-content\/uploads\/2025\/11\/erzgebirge-winterzauber-simone-hertel-13-1024x682.jpg\" alt=\"Winterstimmung auf dem kleinen Fichtelberg mit Blick auf Keilberg auf dem verschneiten Fichtelberg\" class=\"wp-image-239\" srcset=\"https:\/\/simonehertel.de\/wp-content\/uploads\/2025\/11\/erzgebirge-winterzauber-simone-hertel-13-1024x682.jpg 1024w, https:\/\/simonehertel.de\/wp-content\/uploads\/2025\/11\/erzgebirge-winterzauber-simone-hertel-13-300x200.jpg 300w, https:\/\/simonehertel.de\/wp-content\/uploads\/2025\/11\/erzgebirge-winterzauber-simone-hertel-13-768x512.jpg 768w, https:\/\/simonehertel.de\/wp-content\/uploads\/2025\/11\/erzgebirge-winterzauber-simone-hertel-13-1536x1024.jpg 1536w, https:\/\/simonehertel.de\/wp-content\/uploads\/2025\/11\/erzgebirge-winterzauber-simone-hertel-13.jpg 2000w\" sizes=\"(max-width: 1024px) 100vw, 1024px\" \/><\/figure>\n\n\n\n<figure class=\"wp-block-image size-large\"><img loading=\"lazy\" decoding=\"async\" width=\"682\" height=\"1024\" src=\"https:\/\/simonehertel.de\/wp-content\/uploads\/2025\/11\/erzgebirge-winterzauber-simone-hertel-15-682x1024.jpg\" alt=\"nostalgischer Sessellift am kleinen Fichtelberg mit Sonnenstern\/Blendenstern\" class=\"wp-image-240\" srcset=\"https:\/\/simonehertel.de\/wp-content\/uploads\/2025\/11\/erzgebirge-winterzauber-simone-hertel-15-682x1024.jpg 682w, https:\/\/simonehertel.de\/wp-content\/uploads\/2025\/11\/erzgebirge-winterzauber-simone-hertel-15-200x300.jpg 200w, https:\/\/simonehertel.de\/wp-content\/uploads\/2025\/11\/erzgebirge-winterzauber-simone-hertel-15-768x1152.jpg 768w, https:\/\/simonehertel.de\/wp-content\/uploads\/2025\/11\/erzgebirge-winterzauber-simone-hertel-15-1024x1536.jpg 1024w, https:\/\/simonehertel.de\/wp-content\/uploads\/2025\/11\/erzgebirge-winterzauber-simone-hertel-15.jpg 1333w\" sizes=\"(max-width: 682px) 100vw, 682px\" \/><\/figure>\n\n\n\n<figure class=\"wp-block-image size-large\"><img loading=\"lazy\" decoding=\"async\" width=\"682\" height=\"1024\" src=\"https:\/\/simonehertel.de\/wp-content\/uploads\/2025\/11\/erzgebirge-winterzauber-simone-hertel-07-682x1024.jpg\" alt=\"tief verschneiter roter Sessellift am nostalgischen Sessellift auf dem Fichtelberg im Erzgebirge\" class=\"wp-image-241\" srcset=\"https:\/\/simonehertel.de\/wp-content\/uploads\/2025\/11\/erzgebirge-winterzauber-simone-hertel-07-682x1024.jpg 682w, https:\/\/simonehertel.de\/wp-content\/uploads\/2025\/11\/erzgebirge-winterzauber-simone-hertel-07-200x300.jpg 200w, https:\/\/simonehertel.de\/wp-content\/uploads\/2025\/11\/erzgebirge-winterzauber-simone-hertel-07-768x1152.jpg 768w, https:\/\/simonehertel.de\/wp-content\/uploads\/2025\/11\/erzgebirge-winterzauber-simone-hertel-07-1024x1536.jpg 1024w, https:\/\/simonehertel.de\/wp-content\/uploads\/2025\/11\/erzgebirge-winterzauber-simone-hertel-07.jpg 1333w\" sizes=\"(max-width: 682px) 100vw, 682px\" \/><\/figure>\n\n\n\n<figure class=\"wp-block-image size-large\"><img loading=\"lazy\" decoding=\"async\" width=\"1024\" height=\"682\" src=\"https:\/\/simonehertel.de\/wp-content\/uploads\/2025\/11\/erzgebirge-winterzauber-simone-hertel-06-1024x682.jpg\" alt=\"Sessellift auf dem kleinen Fichtelberg im Erzgebirge\" class=\"wp-image-242\" srcset=\"https:\/\/simonehertel.de\/wp-content\/uploads\/2025\/11\/erzgebirge-winterzauber-simone-hertel-06-1024x682.jpg 1024w, https:\/\/simonehertel.de\/wp-content\/uploads\/2025\/11\/erzgebirge-winterzauber-simone-hertel-06-300x200.jpg 300w, https:\/\/simonehertel.de\/wp-content\/uploads\/2025\/11\/erzgebirge-winterzauber-simone-hertel-06-768x512.jpg 768w, https:\/\/simonehertel.de\/wp-content\/uploads\/2025\/11\/erzgebirge-winterzauber-simone-hertel-06-1536x1024.jpg 1536w, https:\/\/simonehertel.de\/wp-content\/uploads\/2025\/11\/erzgebirge-winterzauber-simone-hertel-06.jpg 2000w\" sizes=\"(max-width: 1024px) 100vw, 1024px\" \/><\/figure>\n\n\n\n<figure class=\"wp-block-image size-large\"><img loading=\"lazy\" decoding=\"async\" width=\"682\" height=\"1024\" src=\"https:\/\/simonehertel.de\/wp-content\/uploads\/2025\/11\/erzgebirge-winterzauber-simone-hertel-09-682x1024.jpg\" alt=\"hoch h\u00e4ngender vereister nostalgischer Sessellift am kleinen Fichtelberg im Erzgebirge\" class=\"wp-image-243\" srcset=\"https:\/\/simonehertel.de\/wp-content\/uploads\/2025\/11\/erzgebirge-winterzauber-simone-hertel-09-682x1024.jpg 682w, https:\/\/simonehertel.de\/wp-content\/uploads\/2025\/11\/erzgebirge-winterzauber-simone-hertel-09-200x300.jpg 200w, https:\/\/simonehertel.de\/wp-content\/uploads\/2025\/11\/erzgebirge-winterzauber-simone-hertel-09-768x1152.jpg 768w, https:\/\/simonehertel.de\/wp-content\/uploads\/2025\/11\/erzgebirge-winterzauber-simone-hertel-09-1024x1536.jpg 1024w, https:\/\/simonehertel.de\/wp-content\/uploads\/2025\/11\/erzgebirge-winterzauber-simone-hertel-09.jpg 1333w\" sizes=\"(max-width: 682px) 100vw, 682px\" \/><\/figure>\n\n\n\n<figure class=\"wp-block-image size-large\"><img loading=\"lazy\" decoding=\"async\" width=\"682\" height=\"1024\" src=\"https:\/\/simonehertel.de\/wp-content\/uploads\/2025\/11\/erzgebirge-winterzauber-simone-hertel-08-682x1024.jpg\" alt=\"tief verschneite Fichten am Fichtelberg in Oberwiesenthal im Erzgebirge\" class=\"wp-image-244\" srcset=\"https:\/\/simonehertel.de\/wp-content\/uploads\/2025\/11\/erzgebirge-winterzauber-simone-hertel-08-682x1024.jpg 682w, https:\/\/simonehertel.de\/wp-content\/uploads\/2025\/11\/erzgebirge-winterzauber-simone-hertel-08-200x300.jpg 200w, https:\/\/simonehertel.de\/wp-content\/uploads\/2025\/11\/erzgebirge-winterzauber-simone-hertel-08-768x1152.jpg 768w, https:\/\/simonehertel.de\/wp-content\/uploads\/2025\/11\/erzgebirge-winterzauber-simone-hertel-08-1024x1536.jpg 1024w, https:\/\/simonehertel.de\/wp-content\/uploads\/2025\/11\/erzgebirge-winterzauber-simone-hertel-08.jpg 1333w\" sizes=\"(max-width: 682px) 100vw, 682px\" \/><\/figure>\n\n\n\n<figure class=\"wp-block-image size-large\"><img loading=\"lazy\" decoding=\"async\" width=\"682\" height=\"1024\" src=\"https:\/\/simonehertel.de\/wp-content\/uploads\/2025\/11\/erzgebirge-winterzauber-simone-hertel-11-682x1024.jpg\" alt=\"Blick von Deutschland Richtung Tschechien b\u00f6hmisches Erzgebirge \" class=\"wp-image-245\" srcset=\"https:\/\/simonehertel.de\/wp-content\/uploads\/2025\/11\/erzgebirge-winterzauber-simone-hertel-11-682x1024.jpg 682w, https:\/\/simonehertel.de\/wp-content\/uploads\/2025\/11\/erzgebirge-winterzauber-simone-hertel-11-200x300.jpg 200w, https:\/\/simonehertel.de\/wp-content\/uploads\/2025\/11\/erzgebirge-winterzauber-simone-hertel-11-768x1152.jpg 768w, https:\/\/simonehertel.de\/wp-content\/uploads\/2025\/11\/erzgebirge-winterzauber-simone-hertel-11-1024x1536.jpg 1024w, https:\/\/simonehertel.de\/wp-content\/uploads\/2025\/11\/erzgebirge-winterzauber-simone-hertel-11.jpg 1333w\" sizes=\"(max-width: 682px) 100vw, 682px\" \/><\/figure>\n\n\n\n<figure class=\"wp-block-image size-large\"><img loading=\"lazy\" decoding=\"async\" width=\"682\" height=\"1024\" src=\"https:\/\/simonehertel.de\/wp-content\/uploads\/2025\/11\/erzgebirge-winterzauber-simone-hertel-12-682x1024.jpg\" alt=\"Winter im Erzgebirge\" class=\"wp-image-246\" srcset=\"https:\/\/simonehertel.de\/wp-content\/uploads\/2025\/11\/erzgebirge-winterzauber-simone-hertel-12-682x1024.jpg 682w, https:\/\/simonehertel.de\/wp-content\/uploads\/2025\/11\/erzgebirge-winterzauber-simone-hertel-12-200x300.jpg 200w, https:\/\/simonehertel.de\/wp-content\/uploads\/2025\/11\/erzgebirge-winterzauber-simone-hertel-12-768x1152.jpg 768w, https:\/\/simonehertel.de\/wp-content\/uploads\/2025\/11\/erzgebirge-winterzauber-simone-hertel-12-1024x1536.jpg 1024w, https:\/\/simonehertel.de\/wp-content\/uploads\/2025\/11\/erzgebirge-winterzauber-simone-hertel-12.jpg 1333w\" sizes=\"(max-width: 682px) 100vw, 682px\" \/><\/figure>\n\n\n\n<figure class=\"wp-block-image size-large\"><img loading=\"lazy\" decoding=\"async\" width=\"682\" height=\"1024\" src=\"https:\/\/simonehertel.de\/wp-content\/uploads\/2025\/11\/erzgebirge-winterzauber-simone-hertel-25-682x1024.jpg\" alt=\"Blick zum verschneiten Fichtelberg im Erzgebirge\" class=\"wp-image-247\" srcset=\"https:\/\/simonehertel.de\/wp-content\/uploads\/2025\/11\/erzgebirge-winterzauber-simone-hertel-25-682x1024.jpg 682w, https:\/\/simonehertel.de\/wp-content\/uploads\/2025\/11\/erzgebirge-winterzauber-simone-hertel-25-200x300.jpg 200w, https:\/\/simonehertel.de\/wp-content\/uploads\/2025\/11\/erzgebirge-winterzauber-simone-hertel-25-768x1152.jpg 768w, https:\/\/simonehertel.de\/wp-content\/uploads\/2025\/11\/erzgebirge-winterzauber-simone-hertel-25-1024x1536.jpg 1024w, https:\/\/simonehertel.de\/wp-content\/uploads\/2025\/11\/erzgebirge-winterzauber-simone-hertel-25.jpg 1333w\" sizes=\"(max-width: 682px) 100vw, 682px\" \/><\/figure>\n\n\n\n<figure class=\"wp-block-image size-large\"><img loading=\"lazy\" decoding=\"async\" width=\"682\" height=\"1024\" src=\"https:\/\/simonehertel.de\/wp-content\/uploads\/2025\/11\/erzgebirge-winterzauber-simone-hertel-24-682x1024.jpg\" alt=\"Rodelhang am Fichtelberg nach Sonnenuntergang in  der blauen Stunde\" class=\"wp-image-248\" srcset=\"https:\/\/simonehertel.de\/wp-content\/uploads\/2025\/11\/erzgebirge-winterzauber-simone-hertel-24-682x1024.jpg 682w, https:\/\/simonehertel.de\/wp-content\/uploads\/2025\/11\/erzgebirge-winterzauber-simone-hertel-24-200x300.jpg 200w, https:\/\/simonehertel.de\/wp-content\/uploads\/2025\/11\/erzgebirge-winterzauber-simone-hertel-24-768x1152.jpg 768w, https:\/\/simonehertel.de\/wp-content\/uploads\/2025\/11\/erzgebirge-winterzauber-simone-hertel-24-1024x1536.jpg 1024w, https:\/\/simonehertel.de\/wp-content\/uploads\/2025\/11\/erzgebirge-winterzauber-simone-hertel-24.jpg 1333w\" sizes=\"(max-width: 682px) 100vw, 682px\" \/><\/figure>\n\n\n\n<figure class=\"wp-block-image size-large\"><img loading=\"lazy\" decoding=\"async\" width=\"682\" height=\"1024\" src=\"https:\/\/simonehertel.de\/wp-content\/uploads\/2025\/11\/erzgebirge-winterzauber-simone-hertel-02-682x1024.jpg\" alt=\"Schneegest\u00f6ber in Geyer im Erzgebirge\" class=\"wp-image-249\" srcset=\"https:\/\/simonehertel.de\/wp-content\/uploads\/2025\/11\/erzgebirge-winterzauber-simone-hertel-02-682x1024.jpg 682w, https:\/\/simonehertel.de\/wp-content\/uploads\/2025\/11\/erzgebirge-winterzauber-simone-hertel-02-200x300.jpg 200w, https:\/\/simonehertel.de\/wp-content\/uploads\/2025\/11\/erzgebirge-winterzauber-simone-hertel-02-768x1152.jpg 768w, https:\/\/simonehertel.de\/wp-content\/uploads\/2025\/11\/erzgebirge-winterzauber-simone-hertel-02-1024x1536.jpg 1024w, https:\/\/simonehertel.de\/wp-content\/uploads\/2025\/11\/erzgebirge-winterzauber-simone-hertel-02.jpg 1333w\" sizes=\"(max-width: 682px) 100vw, 682px\" \/><\/figure>\n\n\n\n<figure class=\"wp-block-image size-large\"><img loading=\"lazy\" decoding=\"async\" width=\"682\" height=\"1024\" src=\"https:\/\/simonehertel.de\/wp-content\/uploads\/2025\/11\/erzgebirge-winterzauber-simone-hertel-04-682x1024.jpg\" alt=\"Flockenwirbel im Erzgebirge\" class=\"wp-image-250\" srcset=\"https:\/\/simonehertel.de\/wp-content\/uploads\/2025\/11\/erzgebirge-winterzauber-simone-hertel-04-682x1024.jpg 682w, https:\/\/simonehertel.de\/wp-content\/uploads\/2025\/11\/erzgebirge-winterzauber-simone-hertel-04-200x300.jpg 200w, https:\/\/simonehertel.de\/wp-content\/uploads\/2025\/11\/erzgebirge-winterzauber-simone-hertel-04-768x1152.jpg 768w, https:\/\/simonehertel.de\/wp-content\/uploads\/2025\/11\/erzgebirge-winterzauber-simone-hertel-04-1024x1536.jpg 1024w, https:\/\/simonehertel.de\/wp-content\/uploads\/2025\/11\/erzgebirge-winterzauber-simone-hertel-04.jpg 1333w\" sizes=\"(max-width: 682px) 100vw, 682px\" \/><\/figure>\n\n\n\n<figure class=\"wp-block-image size-large\"><img loading=\"lazy\" decoding=\"async\" width=\"682\" height=\"1024\" src=\"https:\/\/simonehertel.de\/wp-content\/uploads\/2025\/11\/erzgebirge-winterzauber-simone-hertel-03-682x1024.jpg\" alt=\"Flockenzauber auf Fichte im Winter im Erzgebirge\" class=\"wp-image-251\" srcset=\"https:\/\/simonehertel.de\/wp-content\/uploads\/2025\/11\/erzgebirge-winterzauber-simone-hertel-03-682x1024.jpg 682w, https:\/\/simonehertel.de\/wp-content\/uploads\/2025\/11\/erzgebirge-winterzauber-simone-hertel-03-200x300.jpg 200w, https:\/\/simonehertel.de\/wp-content\/uploads\/2025\/11\/erzgebirge-winterzauber-simone-hertel-03-768x1152.jpg 768w, https:\/\/simonehertel.de\/wp-content\/uploads\/2025\/11\/erzgebirge-winterzauber-simone-hertel-03-1024x1536.jpg 1024w, https:\/\/simonehertel.de\/wp-content\/uploads\/2025\/11\/erzgebirge-winterzauber-simone-hertel-03.jpg 1333w\" sizes=\"(max-width: 682px) 100vw, 682px\" \/><\/figure>\n\n\n\n<figure class=\"wp-block-image size-large\"><img loading=\"lazy\" decoding=\"async\" width=\"682\" height=\"1024\" src=\"https:\/\/simonehertel.de\/wp-content\/uploads\/2025\/11\/erzgebirge-winterzauber-simone-hertel-01-682x1024.jpg\" alt=\"wilder Flockenwirbel im Winterwald im Erzgebirge\" class=\"wp-image-252\" srcset=\"https:\/\/simonehertel.de\/wp-content\/uploads\/2025\/11\/erzgebirge-winterzauber-simone-hertel-01-682x1024.jpg 682w, https:\/\/simonehertel.de\/wp-content\/uploads\/2025\/11\/erzgebirge-winterzauber-simone-hertel-01-200x300.jpg 200w, https:\/\/simonehertel.de\/wp-content\/uploads\/2025\/11\/erzgebirge-winterzauber-simone-hertel-01-768x1152.jpg 768w, https:\/\/simonehertel.de\/wp-content\/uploads\/2025\/11\/erzgebirge-winterzauber-simone-hertel-01-1024x1536.jpg 1024w, https:\/\/simonehertel.de\/wp-content\/uploads\/2025\/11\/erzgebirge-winterzauber-simone-hertel-01.jpg 1333w\" sizes=\"(max-width: 682px) 100vw, 682px\" \/><\/figure>\n","protected":false},"excerpt":{"rendered":"<p>Momente voller W\u00e4rme, Licht und Natur &#8211; kostbar wie kleine Sch\u00e4tze. Wo Herz und Licht die Natur ber\u00fchren &#8211; stille Augenblicke voller Glanz. Bei Interesse an Prints oder lizenzierten Nutzungen freue ich mich \u00fcber eine Nachricht.<\/p>\n","protected":false},"author":1,"featured_media":0,"parent":0,"menu_order":0,"comment_status":"closed","ping_status":"closed","template":"","meta":{"footnotes":""},"class_list":["post-233","page","type-page","status-publish","hentry"],"jetpack_sharing_enabled":true,"_links":{"self":[{"href":"https:\/\/simonehertel.de\/index.php?rest_route=\/wp\/v2\/pages\/233","targetHints":{"allow":["GET"]}}],"collection":[{"href":"https:\/\/simonehertel.de\/index.php?rest_route=\/wp\/v2\/pages"}],"about":[{"href":"https:\/\/simonehertel.de\/index.php?rest_route=\/wp\/v2\/types\/page"}],"author":[{"embeddable":true,"href":"https:\/\/simonehertel.de\/index.php?rest_route=\/wp\/v2\/users\/1"}],"replies":[{"embeddable":true,"href":"https:\/\/simonehertel.de\/index.php?rest_route=%2Fwp%2Fv2%2Fcomments&post=233"}],"version-history":[{"count":1,"href":"https:\/\/simonehertel.de\/index.php?rest_route=\/wp\/v2\/pages\/233\/revisions"}],"predecessor-version":[{"id":254,"href":"https:\/\/simonehertel.de\/index.php?rest_route=\/wp\/v2\/pages\/233\/revisions\/254"}],"wp:attachment":[{"href":"https:\/\/simonehertel.de\/index.php?rest_route=%2Fwp%2Fv2%2Fmedia&parent=233"}],"curies":[{"name":"wp","href":"https:\/\/api.w.org\/{rel}","templated":true}]}}