{"id":35,"date":"2025-06-23T20:19:32","date_gmt":"2025-06-23T18:19:32","guid":{"rendered":"https:\/\/simonehertel.de\/?page_id=35"},"modified":"2025-09-21T11:29:43","modified_gmt":"2025-09-21T09:29:43","slug":"kontakt","status":"publish","type":"page","link":"https:\/\/simonehertel.de\/?page_id=35","title":{"rendered":"Kontakt &amp; Anfragen"},"content":{"rendered":"\n<p><strong>Der direkte Weg zu mir \u2013 f\u00fcr alle Anfragen rund um meine Arbeit.<\/strong><br><\/p>\n\n\n\n<p>Aktuell ist das Kontaktformular vor\u00fcbergehend nicht verf\u00fcgbar.<\/p>\n\n\n\n<p>F\u00fcr Anfragen zu Fotoshootings, Buchungen oder Pressekontakten erreichen Sie mich am besten per E-Mail unter:<\/p>\n\n\n\n<p>\u2709\ufe0f <strong><a>info@simonehertel.de<\/a><\/strong><\/p>\n\n\n\n<p>Bitte geben Sie in Ihrer Nachricht Ihren Namen, den Grund Ihrer Anfrage und ggf. Ihre Telefonnummer an.<\/p>\n\n\n\n<p>Ich freue mich auf Ihre Nachricht.<\/p>\n\n\n\n<div class=\"wpcf7 no-js\" id=\"wpcf7-f36-o1\" lang=\"de-DE\" dir=\"ltr\" data-wpcf7-id=\"36\">\n<div class=\"screen-reader-response\"><p role=\"status\" aria-live=\"polite\" aria-atomic=\"true\"><\/p> <ul><\/ul><\/div>\n<form action=\"\/index.php?rest_route=%2Fwp%2Fv2%2Fpages%2F35#wpcf7-f36-o1\" method=\"post\" class=\"wpcf7-form init\" aria-label=\"Kontaktformular\" novalidate=\"novalidate\" data-status=\"init\">\n<fieldset class=\"hidden-fields-container\"><input type=\"hidden\" name=\"_wpcf7\" value=\"36\" \/><input type=\"hidden\" name=\"_wpcf7_version\" value=\"6.1\" \/><input type=\"hidden\" name=\"_wpcf7_locale\" value=\"de_DE\" \/><input type=\"hidden\" name=\"_wpcf7_unit_tag\" value=\"wpcf7-f36-o1\" \/><input type=\"hidden\" name=\"_wpcf7_container_post\" value=\"0\" \/><input type=\"hidden\" name=\"_wpcf7_posted_data_hash\" value=\"\" \/>\n<\/fieldset>\n<p><label> Dein Name<br \/>\n<span class=\"wpcf7-form-control-wrap\" data-name=\"your-name\"><input size=\"40\" maxlength=\"400\" class=\"wpcf7-form-control wpcf7-text wpcf7-validates-as-required\" autocomplete=\"name\" aria-required=\"true\" aria-invalid=\"false\" value=\"\" type=\"text\" name=\"your-name\" \/><\/span> <\/label>\n<\/p>\n<p><label> Deine E-Mail-Adresse<br \/>\n<span class=\"wpcf7-form-control-wrap\" data-name=\"your-email\"><input size=\"40\" maxlength=\"400\" class=\"wpcf7-form-control wpcf7-email wpcf7-validates-as-required wpcf7-text wpcf7-validates-as-email\" autocomplete=\"email\" aria-required=\"true\" aria-invalid=\"false\" value=\"\" type=\"email\" name=\"your-email\" \/><\/span> <\/label>\n<\/p>\n<p><label> Betreff<br \/>\n<span class=\"wpcf7-form-control-wrap\" data-name=\"your-subject\"><input size=\"40\" maxlength=\"400\" class=\"wpcf7-form-control wpcf7-text wpcf7-validates-as-required\" aria-required=\"true\" aria-invalid=\"false\" value=\"\" type=\"text\" name=\"your-subject\" \/><\/span> <\/label>\n<\/p>\n<p><label> Deine Nachricht (optional)<br \/>\n<span class=\"wpcf7-form-control-wrap\" data-name=\"your-message\"><textarea cols=\"40\" rows=\"10\" maxlength=\"2000\" class=\"wpcf7-form-control wpcf7-textarea\" aria-invalid=\"false\" name=\"your-message\"><\/textarea><\/span> <\/label>\n<\/p>\n<p><input class=\"wpcf7-form-control wpcf7-submit has-spinner\" type=\"submit\" value=\"Senden\" \/>\n<\/p><div class=\"wpcf7-response-output\" aria-hidden=\"true\"><\/div>\n<\/form>\n<\/div>\n\n\n\n\n<figure class=\"wp-block-image size-full\"><img fetchpriority=\"high\" decoding=\"async\" width=\"800\" height=\"558\" src=\"https:\/\/simonehertel.de\/wp-content\/uploads\/2025\/06\/Kinderfotos_simone_hertel_oelsnitz_stollberg_zwickau_chemnitz_lichtenstein_21.jpg\" alt=\"\" class=\"wp-image-103\" srcset=\"https:\/\/simonehertel.de\/wp-content\/uploads\/2025\/06\/Kinderfotos_simone_hertel_oelsnitz_stollberg_zwickau_chemnitz_lichtenstein_21.jpg 800w, https:\/\/simonehertel.de\/wp-content\/uploads\/2025\/06\/Kinderfotos_simone_hertel_oelsnitz_stollberg_zwickau_chemnitz_lichtenstein_21-300x209.jpg 300w, https:\/\/simonehertel.de\/wp-content\/uploads\/2025\/06\/Kinderfotos_simone_hertel_oelsnitz_stollberg_zwickau_chemnitz_lichtenstein_21-768x536.jpg 768w\" sizes=\"(max-width: 800px) 100vw, 800px\" \/><\/figure>\n","protected":false},"excerpt":{"rendered":"<p>Der direkte Weg zu mir \u2013 f\u00fcr alle Anfragen rund um meine Arbeit. Aktuell ist das Kontaktformular vor\u00fcbergehend nicht verf\u00fcgbar. F\u00fcr Anfragen zu Fotoshootings, Buchungen oder Pressekontakten erreichen Sie mich am besten per E-Mail unter: \u2709\ufe0f info@simonehertel.de Bitte geben Sie in Ihrer Nachricht Ihren Namen, den Grund Ihrer Anfrage und ggf. Ihre Telefonnummer an. Ich [&hellip;]<\/p>\n","protected":false},"author":1,"featured_media":0,"parent":0,"menu_order":8,"comment_status":"closed","ping_status":"closed","template":"","meta":{"footnotes":""},"class_list":["post-35","page","type-page","status-publish","hentry"],"jetpack_sharing_enabled":true,"_links":{"self":[{"href":"https:\/\/simonehertel.de\/index.php?rest_route=\/wp\/v2\/pages\/35","targetHints":{"allow":["GET"]}}],"collection":[{"href":"https:\/\/simonehertel.de\/index.php?rest_route=\/wp\/v2\/pages"}],"about":[{"href":"https:\/\/simonehertel.de\/index.php?rest_route=\/wp\/v2\/types\/page"}],"author":[{"embeddable":true,"href":"https:\/\/simonehertel.de\/index.php?rest_route=\/wp\/v2\/users\/1"}],"replies":[{"embeddable":true,"href":"https:\/\/simonehertel.de\/index.php?rest_route=%2Fwp%2Fv2%2Fcomments&post=35"}],"version-history":[{"count":2,"href":"https:\/\/simonehertel.de\/index.php?rest_route=\/wp\/v2\/pages\/35\/revisions"}],"predecessor-version":[{"id":104,"href":"https:\/\/simonehertel.de\/index.php?rest_route=\/wp\/v2\/pages\/35\/revisions\/104"}],"wp:attachment":[{"href":"https:\/\/simonehertel.de\/index.php?rest_route=%2Fwp%2Fv2%2Fmedia&parent=35"}],"curies":[{"name":"wp","href":"https:\/\/api.w.org\/{rel}","templated":true}]}}