{"id":38,"date":"2025-06-23T20:50:54","date_gmt":"2025-06-23T18:50:54","guid":{"rendered":"https:\/\/simonehertel.de\/?page_id=38"},"modified":"2025-09-21T11:28:52","modified_gmt":"2025-09-21T09:28:52","slug":"familien","status":"publish","type":"page","link":"https:\/\/simonehertel.de\/?page_id=38","title":{"rendered":"Familien"},"content":{"rendered":"\t\t<div data-elementor-type=\"wp-page\" data-elementor-id=\"38\" class=\"elementor elementor-38\">\n\t\t\t\t<div class=\"elementor-element elementor-element-6b83ed33 e-flex e-con-boxed e-con e-parent\" data-id=\"6b83ed33\" data-element_type=\"container\">\n\t\t\t\t\t<div class=\"e-con-inner\">\n\t\t\t\t<div class=\"elementor-element elementor-element-33f255b2 elementor-widget elementor-widget-text-editor\" data-id=\"33f255b2\" data-element_type=\"widget\" data-widget_type=\"text-editor.default\">\n\t\t\t\t\t\t\t\t\t\n<figure class=\"wp-block-gallery has-nested-images columns-default is-cropped wp-block-gallery-2 is-layout-flex wp-block-gallery-is-layout-flex\">\n<figure class=\"wp-block-image size-large\"><img fetchpriority=\"high\" decoding=\"async\" width=\"681\" height=\"1024\" data-id=\"45\" class=\"wp-image-45\" src=\"https:\/\/simonehertel.de\/wp-content\/uploads\/2025\/06\/mutter-tochter-fotoshooting-erzgebirge-simone-hertel-01-681x1024.jpg\" alt=\"\" srcset=\"https:\/\/simonehertel.de\/wp-content\/uploads\/2025\/06\/mutter-tochter-fotoshooting-erzgebirge-simone-hertel-01-681x1024.jpg 681w, https:\/\/simonehertel.de\/wp-content\/uploads\/2025\/06\/mutter-tochter-fotoshooting-erzgebirge-simone-hertel-01-200x300.jpg 200w, https:\/\/simonehertel.de\/wp-content\/uploads\/2025\/06\/mutter-tochter-fotoshooting-erzgebirge-simone-hertel-01-768x1154.jpg 768w, https:\/\/simonehertel.de\/wp-content\/uploads\/2025\/06\/mutter-tochter-fotoshooting-erzgebirge-simone-hertel-01-1022x1536.jpg 1022w, https:\/\/simonehertel.de\/wp-content\/uploads\/2025\/06\/mutter-tochter-fotoshooting-erzgebirge-simone-hertel-01.jpg 1080w\" sizes=\"(max-width: 681px) 100vw, 681px\" \/><\/figure>\n\n<figure class=\"wp-block-image size-large\"><img decoding=\"async\" width=\"681\" height=\"1024\" data-id=\"46\" class=\"wp-image-46\" src=\"https:\/\/simonehertel.de\/wp-content\/uploads\/2025\/06\/mutter-tochter-fotoshooting-erzgebirge-simone-hertel-02-681x1024.jpg\" alt=\"\" srcset=\"https:\/\/simonehertel.de\/wp-content\/uploads\/2025\/06\/mutter-tochter-fotoshooting-erzgebirge-simone-hertel-02-681x1024.jpg 681w, https:\/\/simonehertel.de\/wp-content\/uploads\/2025\/06\/mutter-tochter-fotoshooting-erzgebirge-simone-hertel-02-200x300.jpg 200w, https:\/\/simonehertel.de\/wp-content\/uploads\/2025\/06\/mutter-tochter-fotoshooting-erzgebirge-simone-hertel-02-768x1154.jpg 768w, https:\/\/simonehertel.de\/wp-content\/uploads\/2025\/06\/mutter-tochter-fotoshooting-erzgebirge-simone-hertel-02-1022x1536.jpg 1022w, https:\/\/simonehertel.de\/wp-content\/uploads\/2025\/06\/mutter-tochter-fotoshooting-erzgebirge-simone-hertel-02.jpg 1080w\" sizes=\"(max-width: 681px) 100vw, 681px\" \/><\/figure>\n<p>\u00a0\u00a0<\/p>\n\n<figure class=\"wp-block-image size-large\"><img decoding=\"async\" width=\"681\" height=\"1024\" data-id=\"48\" class=\"wp-image-48\" src=\"https:\/\/simonehertel.de\/wp-content\/uploads\/2025\/06\/mutter-tochter-fotoshooting-erzgebirge-simone-hertel-03-681x1024.jpg\" alt=\"\" srcset=\"https:\/\/simonehertel.de\/wp-content\/uploads\/2025\/06\/mutter-tochter-fotoshooting-erzgebirge-simone-hertel-03-681x1024.jpg 681w, https:\/\/simonehertel.de\/wp-content\/uploads\/2025\/06\/mutter-tochter-fotoshooting-erzgebirge-simone-hertel-03-200x300.jpg 200w, https:\/\/simonehertel.de\/wp-content\/uploads\/2025\/06\/mutter-tochter-fotoshooting-erzgebirge-simone-hertel-03-768x1154.jpg 768w, https:\/\/simonehertel.de\/wp-content\/uploads\/2025\/06\/mutter-tochter-fotoshooting-erzgebirge-simone-hertel-03-1022x1536.jpg 1022w, https:\/\/simonehertel.de\/wp-content\/uploads\/2025\/06\/mutter-tochter-fotoshooting-erzgebirge-simone-hertel-03.jpg 1080w\" sizes=\"(max-width: 681px) 100vw, 681px\" \/><\/figure>\n\n<figure class=\"wp-block-image size-large\"><img loading=\"lazy\" decoding=\"async\" width=\"681\" height=\"1024\" data-id=\"47\" class=\"wp-image-47\" src=\"https:\/\/simonehertel.de\/wp-content\/uploads\/2025\/06\/mutter-tochter-fotoshooting-erzgebirge-simone-hertel-04-681x1024.jpg\" alt=\"\" srcset=\"https:\/\/simonehertel.de\/wp-content\/uploads\/2025\/06\/mutter-tochter-fotoshooting-erzgebirge-simone-hertel-04-681x1024.jpg 681w, https:\/\/simonehertel.de\/wp-content\/uploads\/2025\/06\/mutter-tochter-fotoshooting-erzgebirge-simone-hertel-04-200x300.jpg 200w, https:\/\/simonehertel.de\/wp-content\/uploads\/2025\/06\/mutter-tochter-fotoshooting-erzgebirge-simone-hertel-04-768x1154.jpg 768w, https:\/\/simonehertel.de\/wp-content\/uploads\/2025\/06\/mutter-tochter-fotoshooting-erzgebirge-simone-hertel-04-1022x1536.jpg 1022w, https:\/\/simonehertel.de\/wp-content\/uploads\/2025\/06\/mutter-tochter-fotoshooting-erzgebirge-simone-hertel-04.jpg 1080w\" sizes=\"(max-width: 681px) 100vw, 681px\" \/><\/figure>\n\n<figure class=\"wp-block-image size-large\"><img loading=\"lazy\" decoding=\"async\" width=\"685\" height=\"1024\" data-id=\"49\" class=\"wp-image-49\" src=\"https:\/\/simonehertel.de\/wp-content\/uploads\/2025\/06\/familien-fotoshooting-erzgebirge-simone-hertel-05-685x1024.jpg\" alt=\"Familienfoto drau\u00dfen im Erzgebirge bei Abendsonne \u2013 nat\u00fcrliche Fotografie von Simone Hertel\" srcset=\"https:\/\/simonehertel.de\/wp-content\/uploads\/2025\/06\/familien-fotoshooting-erzgebirge-simone-hertel-05-685x1024.jpg 685w, https:\/\/simonehertel.de\/wp-content\/uploads\/2025\/06\/familien-fotoshooting-erzgebirge-simone-hertel-05-201x300.jpg 201w, https:\/\/simonehertel.de\/wp-content\/uploads\/2025\/06\/familien-fotoshooting-erzgebirge-simone-hertel-05-768x1148.jpg 768w, https:\/\/simonehertel.de\/wp-content\/uploads\/2025\/06\/familien-fotoshooting-erzgebirge-simone-hertel-05-1027x1536.jpg 1027w, https:\/\/simonehertel.de\/wp-content\/uploads\/2025\/06\/familien-fotoshooting-erzgebirge-simone-hertel-05.jpg 1080w\" sizes=\"(max-width: 685px) 100vw, 685px\" \/><\/figure>\n<\/figure>\n\n<figure class=\"wp-block-image size-full\"><img loading=\"lazy\" decoding=\"async\" width=\"971\" height=\"675\" class=\"wp-image-117\" src=\"https:\/\/simonehertel.de\/wp-content\/uploads\/2025\/07\/Simone_Hertel_Familienfotografie_1.jpg\" alt=\"\" srcset=\"https:\/\/simonehertel.de\/wp-content\/uploads\/2025\/07\/Simone_Hertel_Familienfotografie_1.jpg 971w, https:\/\/simonehertel.de\/wp-content\/uploads\/2025\/07\/Simone_Hertel_Familienfotografie_1-300x209.jpg 300w, https:\/\/simonehertel.de\/wp-content\/uploads\/2025\/07\/Simone_Hertel_Familienfotografie_1-768x534.jpg 768w\" sizes=\"(max-width: 971px) 100vw, 971px\" \/><\/figure>\n\n<figure class=\"wp-block-image size-full\"><img loading=\"lazy\" decoding=\"async\" width=\"971\" height=\"675\" class=\"wp-image-119\" src=\"https:\/\/simonehertel.de\/wp-content\/uploads\/2025\/07\/Simone_Hertel_Familienfotografie_2.jpg\" alt=\"\" srcset=\"https:\/\/simonehertel.de\/wp-content\/uploads\/2025\/07\/Simone_Hertel_Familienfotografie_2.jpg 971w, https:\/\/simonehertel.de\/wp-content\/uploads\/2025\/07\/Simone_Hertel_Familienfotografie_2-300x209.jpg 300w, https:\/\/simonehertel.de\/wp-content\/uploads\/2025\/07\/Simone_Hertel_Familienfotografie_2-768x534.jpg 768w\" sizes=\"(max-width: 971px) 100vw, 971px\" \/><\/figure>\n\n<figure class=\"wp-block-image size-full\"><img loading=\"lazy\" decoding=\"async\" width=\"1013\" height=\"675\" class=\"wp-image-120\" src=\"https:\/\/simonehertel.de\/wp-content\/uploads\/2025\/07\/Simone_Hertel_Familienfotografie_10.jpg\" alt=\"\" srcset=\"https:\/\/simonehertel.de\/wp-content\/uploads\/2025\/07\/Simone_Hertel_Familienfotografie_10.jpg 1013w, https:\/\/simonehertel.de\/wp-content\/uploads\/2025\/07\/Simone_Hertel_Familienfotografie_10-300x200.jpg 300w, https:\/\/simonehertel.de\/wp-content\/uploads\/2025\/07\/Simone_Hertel_Familienfotografie_10-768x512.jpg 768w\" sizes=\"(max-width: 1013px) 100vw, 1013px\" \/><\/figure>\n\n<figure class=\"wp-block-image size-full\"><img loading=\"lazy\" decoding=\"async\" width=\"1013\" height=\"675\" class=\"wp-image-121\" src=\"https:\/\/simonehertel.de\/wp-content\/uploads\/2025\/07\/Simone_Hertel_Familienfotografie_9.jpg\" alt=\"\" srcset=\"https:\/\/simonehertel.de\/wp-content\/uploads\/2025\/07\/Simone_Hertel_Familienfotografie_9.jpg 1013w, https:\/\/simonehertel.de\/wp-content\/uploads\/2025\/07\/Simone_Hertel_Familienfotografie_9-300x200.jpg 300w, https:\/\/simonehertel.de\/wp-content\/uploads\/2025\/07\/Simone_Hertel_Familienfotografie_9-768x512.jpg 768w\" sizes=\"(max-width: 1013px) 100vw, 1013px\" \/><\/figure>\n\n<figure class=\"wp-block-image size-full\"><img loading=\"lazy\" decoding=\"async\" width=\"1013\" height=\"675\" class=\"wp-image-122\" src=\"https:\/\/simonehertel.de\/wp-content\/uploads\/2025\/07\/Simone_Hertel_Familienfotografie_8.jpg\" alt=\"\" srcset=\"https:\/\/simonehertel.de\/wp-content\/uploads\/2025\/07\/Simone_Hertel_Familienfotografie_8.jpg 1013w, https:\/\/simonehertel.de\/wp-content\/uploads\/2025\/07\/Simone_Hertel_Familienfotografie_8-300x200.jpg 300w, https:\/\/simonehertel.de\/wp-content\/uploads\/2025\/07\/Simone_Hertel_Familienfotografie_8-768x512.jpg 768w\" sizes=\"(max-width: 1013px) 100vw, 1013px\" \/><\/figure>\n\n<figure class=\"wp-block-image size-full\"><img loading=\"lazy\" decoding=\"async\" width=\"1013\" height=\"675\" class=\"wp-image-123\" src=\"https:\/\/simonehertel.de\/wp-content\/uploads\/2025\/07\/Simone_Hertel_Familienfotografie_7.jpg\" alt=\"\" srcset=\"https:\/\/simonehertel.de\/wp-content\/uploads\/2025\/07\/Simone_Hertel_Familienfotografie_7.jpg 1013w, https:\/\/simonehertel.de\/wp-content\/uploads\/2025\/07\/Simone_Hertel_Familienfotografie_7-300x200.jpg 300w, https:\/\/simonehertel.de\/wp-content\/uploads\/2025\/07\/Simone_Hertel_Familienfotografie_7-768x512.jpg 768w\" sizes=\"(max-width: 1013px) 100vw, 1013px\" \/><\/figure>\n\n<figure class=\"wp-block-image size-full\"><img loading=\"lazy\" decoding=\"async\" width=\"1013\" height=\"675\" class=\"wp-image-124\" src=\"https:\/\/simonehertel.de\/wp-content\/uploads\/2025\/07\/Simone_Hertel_Familienfotografie_6.jpg\" alt=\"\" srcset=\"https:\/\/simonehertel.de\/wp-content\/uploads\/2025\/07\/Simone_Hertel_Familienfotografie_6.jpg 1013w, https:\/\/simonehertel.de\/wp-content\/uploads\/2025\/07\/Simone_Hertel_Familienfotografie_6-300x200.jpg 300w, https:\/\/simonehertel.de\/wp-content\/uploads\/2025\/07\/Simone_Hertel_Familienfotografie_6-768x512.jpg 768w\" sizes=\"(max-width: 1013px) 100vw, 1013px\" \/><\/figure>\n\n<figure class=\"wp-block-image size-full\"><img loading=\"lazy\" decoding=\"async\" width=\"1013\" height=\"675\" class=\"wp-image-125\" src=\"https:\/\/simonehertel.de\/wp-content\/uploads\/2025\/07\/Simone_Hertel_Familienfotografie_5.jpg\" alt=\"\" srcset=\"https:\/\/simonehertel.de\/wp-content\/uploads\/2025\/07\/Simone_Hertel_Familienfotografie_5.jpg 1013w, https:\/\/simonehertel.de\/wp-content\/uploads\/2025\/07\/Simone_Hertel_Familienfotografie_5-300x200.jpg 300w, https:\/\/simonehertel.de\/wp-content\/uploads\/2025\/07\/Simone_Hertel_Familienfotografie_5-768x512.jpg 768w\" sizes=\"(max-width: 1013px) 100vw, 1013px\" \/><\/figure>\n\t\t\t\t\t\t\t\t<\/div>\n\t\t\t\t\t<\/div>\n\t\t\t\t<\/div>\n\t\t<div class=\"elementor-element elementor-element-dc92ea1 e-flex e-con-boxed e-con e-parent\" data-id=\"dc92ea1\" data-element_type=\"container\">\n\t\t\t\t\t<div class=\"e-con-inner\">\n\t\t<div class=\"elementor-element elementor-element-c2f137f e-con-full e-flex e-con e-child\" data-id=\"c2f137f\" data-element_type=\"container\">\n\t\t\t\t<div class=\"elementor-element elementor-element-564c3e5 elementor-widget elementor-widget-image\" data-id=\"564c3e5\" data-element_type=\"widget\" data-widget_type=\"image.default\">\n\t\t\t\t\t\t\t\t\t\t\t\t\t\t\t<img loading=\"lazy\" decoding=\"async\" width=\"1024\" height=\"683\" src=\"https:\/\/simonehertel.de\/wp-content\/uploads\/2025\/09\/simone-hertel-mutter-tochter-shooting-erzgebirge-4-1024x683.jpg\" class=\"attachment-large size-large wp-image-170\" alt=\"Mutter &amp; Tochter vor traumhafter Kulisse im b\u00f6hmischen Erzgebirge beim Familienshooting\" srcset=\"https:\/\/simonehertel.de\/wp-content\/uploads\/2025\/09\/simone-hertel-mutter-tochter-shooting-erzgebirge-4-1024x683.jpg 1024w, https:\/\/simonehertel.de\/wp-content\/uploads\/2025\/09\/simone-hertel-mutter-tochter-shooting-erzgebirge-4-300x200.jpg 300w, https:\/\/simonehertel.de\/wp-content\/uploads\/2025\/09\/simone-hertel-mutter-tochter-shooting-erzgebirge-4-768x512.jpg 768w, https:\/\/simonehertel.de\/wp-content\/uploads\/2025\/09\/simone-hertel-mutter-tochter-shooting-erzgebirge-4-1536x1024.jpg 1536w, https:\/\/simonehertel.de\/wp-content\/uploads\/2025\/09\/simone-hertel-mutter-tochter-shooting-erzgebirge-4.jpg 1620w\" sizes=\"(max-width: 1024px) 100vw, 1024px\" \/>\t\t\t\t\t\t\t\t\t\t\t\t\t\t\t<\/div>\n\t\t\t\t<\/div>\n\t\t\t\t\t<\/div>\n\t\t\t\t<\/div>\n\t\t<div class=\"elementor-element elementor-element-13b80d0 e-flex e-con-boxed e-con e-parent\" data-id=\"13b80d0\" data-element_type=\"container\">\n\t\t\t\t\t<div class=\"e-con-inner\">\n\t\t\t\t<div class=\"elementor-element elementor-element-cf35815 elementor-widget elementor-widget-image\" data-id=\"cf35815\" data-element_type=\"widget\" data-widget_type=\"image.default\">\n\t\t\t\t\t\t\t\t\t\t\t\t\t\t\t<img loading=\"lazy\" decoding=\"async\" width=\"693\" height=\"1024\" src=\"https:\/\/simonehertel.de\/wp-content\/uploads\/2025\/09\/simone-hertel-mutter-tochter-shooting-erzgebirge-3-693x1024.jpg\" class=\"attachment-large size-large wp-image-169\" alt=\"Mutter &amp; Tochter vor Sonnenuntergang lachend und tanzend auf einer Wiese im Erzgebirge\" srcset=\"https:\/\/simonehertel.de\/wp-content\/uploads\/2025\/09\/simone-hertel-mutter-tochter-shooting-erzgebirge-3-693x1024.jpg 693w, https:\/\/simonehertel.de\/wp-content\/uploads\/2025\/09\/simone-hertel-mutter-tochter-shooting-erzgebirge-3-203x300.jpg 203w, https:\/\/simonehertel.de\/wp-content\/uploads\/2025\/09\/simone-hertel-mutter-tochter-shooting-erzgebirge-3-scaled.jpg 1731w\" sizes=\"(max-width: 693px) 100vw, 693px\" \/>\t\t\t\t\t\t\t\t\t\t\t\t\t\t\t<\/div>\n\t\t\t\t\t<\/div>\n\t\t\t\t<\/div>\n\t\t<div class=\"elementor-element elementor-element-b74b513 e-flex e-con-boxed e-con e-parent\" data-id=\"b74b513\" data-element_type=\"container\">\n\t\t\t\t\t<div class=\"e-con-inner\">\n\t\t\t\t<div class=\"elementor-element elementor-element-547057d elementor-widget elementor-widget-image\" data-id=\"547057d\" data-element_type=\"widget\" data-widget_type=\"image.default\">\n\t\t\t\t\t\t\t\t\t\t\t\t\t\t\t<img loading=\"lazy\" decoding=\"async\" width=\"1024\" height=\"683\" src=\"https:\/\/simonehertel.de\/wp-content\/uploads\/2025\/09\/simone-hertel-mutter-tochter-shooting-erzgebirge-2-1024x683.jpg\" class=\"attachment-large size-large wp-image-168\" alt=\"Kindershooting - M\u00e4dchen tanzt in romantischem Kleid beim m\u00e4rchenhaften Fotoshooting im Erzgebirge in wundersch\u00f6ner Kulisse\" srcset=\"https:\/\/simonehertel.de\/wp-content\/uploads\/2025\/09\/simone-hertel-mutter-tochter-shooting-erzgebirge-2-1024x683.jpg 1024w, https:\/\/simonehertel.de\/wp-content\/uploads\/2025\/09\/simone-hertel-mutter-tochter-shooting-erzgebirge-2-300x200.jpg 300w, https:\/\/simonehertel.de\/wp-content\/uploads\/2025\/09\/simone-hertel-mutter-tochter-shooting-erzgebirge-2-768x512.jpg 768w, https:\/\/simonehertel.de\/wp-content\/uploads\/2025\/09\/simone-hertel-mutter-tochter-shooting-erzgebirge-2-1536x1024.jpg 1536w, https:\/\/simonehertel.de\/wp-content\/uploads\/2025\/09\/simone-hertel-mutter-tochter-shooting-erzgebirge-2.jpg 1620w\" sizes=\"(max-width: 1024px) 100vw, 1024px\" \/>\t\t\t\t\t\t\t\t\t\t\t\t\t\t\t<\/div>\n\t\t\t\t\t<\/div>\n\t\t\t\t<\/div>\n\t\t<div class=\"elementor-element elementor-element-792f9ac e-flex e-con-boxed e-con e-parent\" data-id=\"792f9ac\" data-element_type=\"container\">\n\t\t\t\t\t<div class=\"e-con-inner\">\n\t\t\t\t<div class=\"elementor-element elementor-element-3f96cb6 elementor-widget elementor-widget-image\" data-id=\"3f96cb6\" data-element_type=\"widget\" data-widget_type=\"image.default\">\n\t\t\t\t\t\t\t\t\t\t\t\t\t\t\t<img loading=\"lazy\" decoding=\"async\" width=\"1024\" height=\"683\" src=\"https:\/\/simonehertel.de\/wp-content\/uploads\/2025\/09\/simone-hertel-mutter-tochter-shooting-erzgebirge-1-1024x683.jpg\" class=\"attachment-large size-large wp-image-167\" alt=\"romantisches Mutter-Tochter-Fotoshooting in Bozi Dar im b\u00f6hmischen Erzgebirge\" srcset=\"https:\/\/simonehertel.de\/wp-content\/uploads\/2025\/09\/simone-hertel-mutter-tochter-shooting-erzgebirge-1-1024x683.jpg 1024w, https:\/\/simonehertel.de\/wp-content\/uploads\/2025\/09\/simone-hertel-mutter-tochter-shooting-erzgebirge-1-300x200.jpg 300w, https:\/\/simonehertel.de\/wp-content\/uploads\/2025\/09\/simone-hertel-mutter-tochter-shooting-erzgebirge-1-768x512.jpg 768w, https:\/\/simonehertel.de\/wp-content\/uploads\/2025\/09\/simone-hertel-mutter-tochter-shooting-erzgebirge-1-1536x1024.jpg 1536w, https:\/\/simonehertel.de\/wp-content\/uploads\/2025\/09\/simone-hertel-mutter-tochter-shooting-erzgebirge-1.jpg 1620w\" sizes=\"(max-width: 1024px) 100vw, 1024px\" \/>\t\t\t\t\t\t\t\t\t\t\t\t\t\t\t<\/div>\n\t\t\t\t\t<\/div>\n\t\t\t\t<\/div>\n\t\t\t\t<\/div>\n\t\t","protected":false},"excerpt":{"rendered":"","protected":false},"author":1,"featured_media":0,"parent":0,"menu_order":3,"comment_status":"closed","ping_status":"closed","template":"","meta":{"footnotes":""},"class_list":["post-38","page","type-page","status-publish","hentry"],"jetpack_sharing_enabled":true,"_links":{"self":[{"href":"https:\/\/simonehertel.de\/index.php?rest_route=\/wp\/v2\/pages\/38","targetHints":{"allow":["GET"]}}],"collection":[{"href":"https:\/\/simonehertel.de\/index.php?rest_route=\/wp\/v2\/pages"}],"about":[{"href":"https:\/\/simonehertel.de\/index.php?rest_route=\/wp\/v2\/types\/page"}],"author":[{"embeddable":true,"href":"https:\/\/simonehertel.de\/index.php?rest_route=\/wp\/v2\/users\/1"}],"replies":[{"embeddable":true,"href":"https:\/\/simonehertel.de\/index.php?rest_route=%2Fwp%2Fv2%2Fcomments&post=38"}],"version-history":[{"count":8,"href":"https:\/\/simonehertel.de\/index.php?rest_route=\/wp\/v2\/pages\/38\/revisions"}],"predecessor-version":[{"id":176,"href":"https:\/\/simonehertel.de\/index.php?rest_route=\/wp\/v2\/pages\/38\/revisions\/176"}],"wp:attachment":[{"href":"https:\/\/simonehertel.de\/index.php?rest_route=%2Fwp%2Fv2%2Fmedia&parent=38"}],"curies":[{"name":"wp","href":"https:\/\/api.w.org\/{rel}","templated":true}]}}